{"id":17699,"date":"2023-03-08T09:38:56","date_gmt":"2023-03-08T08:38:56","guid":{"rendered":"https:\/\/aaro.com\/the-aaro-report-generator\/"},"modified":"2025-03-11T17:00:11","modified_gmt":"2025-03-11T16:00:11","slug":"aaro-raporttigeneraattori","status":"publish","type":"page","link":"https:\/\/aaro.com\/fi\/aaro-raporttigeneraattori\/","title":{"rendered":"AARO Raporttigeneraattori"},"content":{"rendered":"\t\t<div data-elementor-type=\"wp-page\" data-elementor-id=\"17699\" class=\"elementor elementor-17699 elementor-10949\" data-elementor-post-type=\"page\">\n\t\t\t\t\t\t<section class=\"elementor-section elementor-top-section elementor-element elementor-element-56646cc elementor-section-boxed elementor-section-height-default elementor-section-height-default\" data-id=\"56646cc\" data-element_type=\"section\" data-e-type=\"section\" data-settings=\"{&quot;background_background&quot;:&quot;classic&quot;,&quot;jet_parallax_layout_list&quot;:[]}\">\n\t\t\t\t\t\t<div class=\"elementor-container elementor-column-gap-default\">\n\t\t\t\t\t<div class=\"elementor-column elementor-col-100 elementor-top-column elementor-element elementor-element-1cdafbe\" data-id=\"1cdafbe\" data-element_type=\"column\" data-e-type=\"column\">\n\t\t\t<div class=\"elementor-widget-wrap elementor-element-populated\">\n\t\t\t\t\t\t<section class=\"elementor-section elementor-inner-section elementor-element elementor-element-2cde10c elementor-section-full_width elementor-section-height-default elementor-section-height-default\" data-id=\"2cde10c\" data-element_type=\"section\" data-e-type=\"section\" data-settings=\"{&quot;jet_parallax_layout_list&quot;:[]}\">\n\t\t\t\t\t\t<div class=\"elementor-container elementor-column-gap-default\">\n\t\t\t\t\t<div class=\"elementor-column elementor-col-50 elementor-inner-column elementor-element elementor-element-591fc6d\" data-id=\"591fc6d\" data-element_type=\"column\" data-e-type=\"column\">\n\t\t\t<div class=\"elementor-widget-wrap elementor-element-populated\">\n\t\t\t\t\t\t<div class=\"elementor-element elementor-element-c534f96 elementor-widget elementor-widget-image\" data-id=\"c534f96\" data-element_type=\"widget\" data-e-type=\"widget\" data-widget_type=\"image.default\">\n\t\t\t\t<div class=\"elementor-widget-container\">\n\t\t\t\t\t\t\t\t\t\t\t\t\t\t\t<img decoding=\"async\" src=\"https:\/\/aaro.com\/wp-content\/uploads\/elementor\/thumbs\/Rapportgenerator-qf40rv5b70p4z6eunep9rh91o4dl133q27b0meoszc.jpg\" title=\"Rapportgenerator\" alt=\"Rapportgenerator\" loading=\"lazy\" \/>\t\t\t\t\t\t\t\t\t\t\t\t\t\t\t<\/div>\n\t\t\t\t<\/div>\n\t\t\t\t\t<\/div>\n\t\t<\/div>\n\t\t\t\t<div class=\"elementor-column elementor-col-50 elementor-inner-column elementor-element elementor-element-1f796b0\" data-id=\"1f796b0\" data-element_type=\"column\" data-e-type=\"column\">\n\t\t\t<div class=\"elementor-widget-wrap elementor-element-populated\">\n\t\t\t\t\t\t<div class=\"elementor-element elementor-element-88fc0ca elementor-invisible elementor-widget elementor-widget-heading\" data-id=\"88fc0ca\" data-element_type=\"widget\" data-e-type=\"widget\" data-settings=\"{&quot;_animation&quot;:&quot;fadeIn&quot;}\" data-widget_type=\"heading.default\">\n\t\t\t\t<div class=\"elementor-widget-container\">\n\t\t\t\t\t<h1 class=\"elementor-heading-title elementor-size-default\">Dynaaminen raportointi - jokap\u00e4iv\u00e4inen ty\u00f6kalusi AARO:ssa!<\/h1>\t\t\t\t<\/div>\n\t\t\t\t<\/div>\n\t\t\t\t<div class=\"elementor-element elementor-element-a8fa947 elementor-invisible elementor-widget elementor-widget-text-editor\" data-id=\"a8fa947\" data-element_type=\"widget\" data-e-type=\"widget\" data-settings=\"{&quot;_animation&quot;:&quot;fadeIn&quot;}\" data-widget_type=\"text-editor.default\">\n\t\t\t\t<div class=\"elementor-widget-container\">\n\t\t\t\t\t\t\t\t\t<p><em>\u201cAARO tarjoaa monia etuja, jotka sopivat meille. Erityisesti pid\u00e4mme siit\u00e4, ett\u00e4 integroitu raportointi toiminnallisuus tarjoaa t\u00e4ydellisen l\u00e4pin\u00e4kyvyyden konsernitasolta aina operatiiviseen toimintaan.\u201d<\/em><\/p><p>N\u00e4in asiakkaamme\u00a0<a href=\"\/fi\/references\/\">AFRY sanoo AARO:n raportoinnista.<\/a><\/p>\t\t\t\t\t\t\t\t<\/div>\n\t\t\t\t<\/div>\n\t\t\t\t<div class=\"elementor-element elementor-element-ad1ded1 elementor-invisible elementor-widget elementor-widget-text-editor\" data-id=\"ad1ded1\" data-element_type=\"widget\" data-e-type=\"widget\" data-settings=\"{&quot;_animation&quot;:&quot;fadeIn&quot;}\" data-widget_type=\"text-editor.default\">\n\t\t\t\t<div class=\"elementor-widget-container\">\n\t\t\t\t\t\t\t\t\t<p>Kaikki organisaation raportit saadaan AARO:n raporttigeneraattorista. T\u00e4\u00e4ll\u00e4 sin\u00e4 ja k\u00e4ytt\u00e4j\u00e4si luotte raporttinne, suoritatte ad hoc -analyysej\u00e4, konsernin t\u00e4sm\u00e4ytyksi\u00e4 yms.<\/p>\t\t\t\t\t\t\t\t<\/div>\n\t\t\t\t<\/div>\n\t\t\t\t\t<\/div>\n\t\t<\/div>\n\t\t\t\t\t<\/div>\n\t\t<\/section>\n\t\t\t\t\t<\/div>\n\t\t<\/div>\n\t\t\t\t\t<\/div>\n\t\t<\/section>\n\t\t\t\t<section class=\"elementor-section elementor-top-section elementor-element elementor-element-11ac4d7 elementor-section-boxed elementor-section-height-default elementor-section-height-default\" data-id=\"11ac4d7\" data-element_type=\"section\" data-e-type=\"section\" data-settings=\"{&quot;jet_parallax_layout_list&quot;:[]}\">\n\t\t\t\t\t\t<div class=\"elementor-container elementor-column-gap-default\">\n\t\t\t\t\t<div class=\"elementor-column elementor-col-100 elementor-top-column elementor-element elementor-element-d8f8617\" data-id=\"d8f8617\" data-element_type=\"column\" data-e-type=\"column\">\n\t\t\t<div class=\"elementor-widget-wrap elementor-element-populated\">\n\t\t\t\t\t\t<section class=\"elementor-section elementor-inner-section elementor-element elementor-element-0050899 elementor-section-full_width elementor-reverse-mobile elementor-section-height-default elementor-section-height-default\" data-id=\"0050899\" data-element_type=\"section\" data-e-type=\"section\" data-settings=\"{&quot;jet_parallax_layout_list&quot;:[]}\">\n\t\t\t\t\t\t<div class=\"elementor-container elementor-column-gap-default\">\n\t\t\t\t\t<div class=\"elementor-column elementor-col-50 elementor-inner-column elementor-element elementor-element-c882602\" data-id=\"c882602\" data-element_type=\"column\" data-e-type=\"column\">\n\t\t\t<div class=\"elementor-widget-wrap elementor-element-populated\">\n\t\t\t\t\t\t<div class=\"elementor-element elementor-element-d39b1e3 elementor-invisible elementor-widget elementor-widget-heading\" data-id=\"d39b1e3\" data-element_type=\"widget\" data-e-type=\"widget\" data-settings=\"{&quot;_animation&quot;:&quot;fadeIn&quot;}\" data-widget_type=\"heading.default\">\n\t\t\t\t<div class=\"elementor-widget-container\">\n\t\t\t\t\t<h2 class=\"elementor-heading-title elementor-size-default\">Kaikki raportit mahdollistavat l\u00e4pin\u00e4kyvyyden<\/h2>\t\t\t\t<\/div>\n\t\t\t\t<\/div>\n\t\t\t\t<div class=\"elementor-element elementor-element-cff1bff elementor-invisible elementor-widget elementor-widget-text-editor\" data-id=\"cff1bff\" data-element_type=\"widget\" data-e-type=\"widget\" data-settings=\"{&quot;_animation&quot;:&quot;fadeIn&quot;}\" data-widget_type=\"text-editor.default\">\n\t\t\t\t<div class=\"elementor-widget-container\">\n\t\t\t\t\t\t\t\t\t<p>Voit k\u00e4ytt\u00e4\u00e4 toimintoja\u00a0<a href=\"https:\/\/aaro.com\/fi\/aaro-porautuminen\/\" target=\"_blank\" rel=\"noopener\">Porautuminen<\/a> ja Laajennus kaikilla raporteilla ja tutkia lukujen yksityiskohtia ilman ennalta m\u00e4\u00e4riteltyj\u00e4 hakukriteereit\u00e4. Raportteja voidaan luoda ja esitt\u00e4\u00e4 eri tavoin:<\/p><ul><li>Suoraan web-selaimen kautta.<\/li><li>Valmiin Ms Office automaatiomme kautta suoraan MS Excel:ss\u00e4.<\/li><li>Tallenna MS Excelill\u00e4 luodut raportit halutessasi suoraan AARO:n.<\/li><\/ul><p><br \/>Sinulla on my\u00f6s mahdollisuus esitt\u00e4\u00e4 raportit erilaisina graafeina, jotta voit visualisoida raporttisi ja seurantasi. Saatavilla on useita oletusraportteja, jotka ovat k\u00e4ytt\u00f6valmiita heti tai voit vaihtoehtoisesti luoda itse raportteja, jotka vastaavat yrityksesi erityistarpeisiin.<\/p>\t\t\t\t\t\t\t\t<\/div>\n\t\t\t\t<\/div>\n\t\t\t\t\t<\/div>\n\t\t<\/div>\n\t\t\t\t<div class=\"elementor-column elementor-col-50 elementor-inner-column elementor-element elementor-element-fe1c96e\" data-id=\"fe1c96e\" data-element_type=\"column\" data-e-type=\"column\">\n\t\t\t<div class=\"elementor-widget-wrap elementor-element-populated\">\n\t\t\t\t\t\t<div class=\"elementor-element elementor-element-a153140 elementor-widget elementor-widget-image\" data-id=\"a153140\" data-element_type=\"widget\" data-e-type=\"widget\" data-widget_type=\"image.default\">\n\t\t\t\t<div class=\"elementor-widget-container\">\n\t\t\t\t\t\t\t\t\t\t\t\t\t\t\t<img decoding=\"async\" src=\"https:\/\/aaro.com\/wp-content\/uploads\/elementor\/thumbs\/transparent-rapport-qf40rw35duqfasdhhx3wbz0i9i8y8s7gebyi3onet4.jpg\" title=\"transparent rapport\" alt=\"transparent rapport\" loading=\"lazy\" \/>\t\t\t\t\t\t\t\t\t\t\t\t\t\t\t<\/div>\n\t\t\t\t<\/div>\n\t\t\t\t\t<\/div>\n\t\t<\/div>\n\t\t\t\t\t<\/div>\n\t\t<\/section>\n\t\t\t\t\t<\/div>\n\t\t<\/div>\n\t\t\t\t\t<\/div>\n\t\t<\/section>\n\t\t\t\t<section class=\"elementor-section elementor-top-section elementor-element elementor-element-b2534d1 elementor-section-boxed elementor-section-height-default elementor-section-height-default\" data-id=\"b2534d1\" data-element_type=\"section\" data-e-type=\"section\" data-settings=\"{&quot;jet_parallax_layout_list&quot;:[]}\">\n\t\t\t\t\t\t<div class=\"elementor-container elementor-column-gap-default\">\n\t\t\t\t\t<div class=\"elementor-column elementor-col-100 elementor-top-column elementor-element elementor-element-fbdbace\" data-id=\"fbdbace\" data-element_type=\"column\" data-e-type=\"column\">\n\t\t\t<div class=\"elementor-widget-wrap elementor-element-populated\">\n\t\t\t\t\t\t<section class=\"elementor-section elementor-inner-section elementor-element elementor-element-bbd8c9e elementor-section-full_width elementor-section-height-default elementor-section-height-default\" data-id=\"bbd8c9e\" data-element_type=\"section\" data-e-type=\"section\" data-settings=\"{&quot;jet_parallax_layout_list&quot;:[]}\">\n\t\t\t\t\t\t<div class=\"elementor-container elementor-column-gap-default\">\n\t\t\t\t\t<div class=\"elementor-column elementor-col-50 elementor-inner-column elementor-element elementor-element-dbb2d33\" data-id=\"dbb2d33\" data-element_type=\"column\" data-e-type=\"column\">\n\t\t\t<div class=\"elementor-widget-wrap elementor-element-populated\">\n\t\t\t\t\t\t<div class=\"elementor-element elementor-element-44cbde4 elementor-widget elementor-widget-image\" data-id=\"44cbde4\" data-element_type=\"widget\" data-e-type=\"widget\" data-widget_type=\"image.default\">\n\t\t\t\t<div class=\"elementor-widget-container\">\n\t\t\t\t\t\t\t\t\t\t\t\t\t\t\t<img decoding=\"async\" src=\"https:\/\/aaro.com\/wp-content\/uploads\/elementor\/thumbs\/fordelar-aaro-rapportgenerator-qf40rw35duqfasdhhx3wbz0i9i8y8s7gebyi3onet4.jpg\" title=\"AARO\" alt=\"AARO\" loading=\"lazy\" \/>\t\t\t\t\t\t\t\t\t\t\t\t\t\t\t<\/div>\n\t\t\t\t<\/div>\n\t\t\t\t\t<\/div>\n\t\t<\/div>\n\t\t\t\t<div class=\"elementor-column elementor-col-50 elementor-inner-column elementor-element elementor-element-26ed6f7\" data-id=\"26ed6f7\" data-element_type=\"column\" data-e-type=\"column\">\n\t\t\t<div class=\"elementor-widget-wrap elementor-element-populated\">\n\t\t\t\t\t\t<div class=\"elementor-element elementor-element-0bb27cd elementor-invisible elementor-widget elementor-widget-heading\" data-id=\"0bb27cd\" data-element_type=\"widget\" data-e-type=\"widget\" data-settings=\"{&quot;_animation&quot;:&quot;fadeIn&quot;}\" data-widget_type=\"heading.default\">\n\t\t\t\t<div class=\"elementor-widget-container\">\n\t\t\t\t\t<h1 class=\"elementor-heading-title elementor-size-default\">Edut, joita AARO:n raportointi tarjoaa:<\/h1>\t\t\t\t<\/div>\n\t\t\t\t<\/div>\n\t\t\t\t<div class=\"elementor-element elementor-element-b766fd3 elementor-icon-list--layout-traditional elementor-list-item-link-full_width elementor-invisible elementor-widget elementor-widget-icon-list\" data-id=\"b766fd3\" data-element_type=\"widget\" data-e-type=\"widget\" data-settings=\"{&quot;_animation&quot;:&quot;fadeIn&quot;}\" data-widget_type=\"icon-list.default\">\n\t\t\t\t<div class=\"elementor-widget-container\">\n\t\t\t\t\t\t\t<ul class=\"elementor-icon-list-items\">\n\t\t\t\t\t\t\t<li class=\"elementor-icon-list-item\">\n\t\t\t\t\t\t\t\t\t\t\t<span class=\"elementor-icon-list-icon\">\n\t\t\t\t\t\t\t<svg xmlns=\"http:\/\/www.w3.org\/2000\/svg\" xmlns:xlink=\"http:\/\/www.w3.org\/1999\/xlink\" width=\"120px\" height=\"120px\" viewBox=\"0 0 120 120\"><title>correct<\/title><g id=\"Page-1\" stroke=\"none\" stroke-width=\"1\" fill=\"none\" fill-rule=\"evenodd\"><g id=\"correct\" fill-rule=\"nonzero\"><path d=\"M60,0 C26.90625,0 0,26.90625 0,60 C0,93.09375 26.90625,120 60,120 C93.09375,120 120,93.09375 120,60 C120,26.90625 93.09375,0 60,0 Z\" id=\"Path\" fill=\"#35B256\"><\/path><path d=\"M89.015625,39.7734375 C90.46875,41.2265625 90.46875,43.6171875 89.015625,45.0703125 L53.859375,80.2265625 C53.1328125,80.953125 52.171875,81.328125 51.2109375,81.328125 C50.25,81.328125 49.2890625,80.953125 48.5625,80.2265625 L30.984375,62.6484375 C29.53125,61.1953125 29.53125,58.8046875 30.984375,57.3515625 C32.4375,55.8984375 34.828125,55.8984375 36.28125,57.3515625 L51.2109375,72.28125 L83.71875,39.7734375 C85.171875,38.296875 87.5625,38.296875 89.015625,39.7734375 Z\" id=\"Path\" fill=\"#FFFFFF\"><\/path><\/g><\/g><\/svg>\t\t\t\t\t\t<\/span>\n\t\t\t\t\t\t\t\t\t\t<span class=\"elementor-icon-list-text\">Helppo suorittaa ad hoc -analyysej\u00e4.<\/span>\n\t\t\t\t\t\t\t\t\t<\/li>\n\t\t\t\t\t\t\t\t<li class=\"elementor-icon-list-item\">\n\t\t\t\t\t\t\t\t\t\t\t<span class=\"elementor-icon-list-icon\">\n\t\t\t\t\t\t\t<svg xmlns=\"http:\/\/www.w3.org\/2000\/svg\" xmlns:xlink=\"http:\/\/www.w3.org\/1999\/xlink\" width=\"120px\" height=\"120px\" viewBox=\"0 0 120 120\"><title>correct<\/title><g id=\"Page-1\" stroke=\"none\" stroke-width=\"1\" fill=\"none\" fill-rule=\"evenodd\"><g id=\"correct\" fill-rule=\"nonzero\"><path d=\"M60,0 C26.90625,0 0,26.90625 0,60 C0,93.09375 26.90625,120 60,120 C93.09375,120 120,93.09375 120,60 C120,26.90625 93.09375,0 60,0 Z\" id=\"Path\" fill=\"#35B256\"><\/path><path d=\"M89.015625,39.7734375 C90.46875,41.2265625 90.46875,43.6171875 89.015625,45.0703125 L53.859375,80.2265625 C53.1328125,80.953125 52.171875,81.328125 51.2109375,81.328125 C50.25,81.328125 49.2890625,80.953125 48.5625,80.2265625 L30.984375,62.6484375 C29.53125,61.1953125 29.53125,58.8046875 30.984375,57.3515625 C32.4375,55.8984375 34.828125,55.8984375 36.28125,57.3515625 L51.2109375,72.28125 L83.71875,39.7734375 C85.171875,38.296875 87.5625,38.296875 89.015625,39.7734375 Z\" id=\"Path\" fill=\"#FFFFFF\"><\/path><\/g><\/g><\/svg>\t\t\t\t\t\t<\/span>\n\t\t\t\t\t\t\t\t\t\t<span class=\"elementor-icon-list-text\">Drag &amp; Drop -toiminnallisuus.<\/span>\n\t\t\t\t\t\t\t\t\t<\/li>\n\t\t\t\t\t\t\t\t<li class=\"elementor-icon-list-item\">\n\t\t\t\t\t\t\t\t\t\t\t<span class=\"elementor-icon-list-icon\">\n\t\t\t\t\t\t\t<svg xmlns=\"http:\/\/www.w3.org\/2000\/svg\" xmlns:xlink=\"http:\/\/www.w3.org\/1999\/xlink\" width=\"120px\" height=\"120px\" viewBox=\"0 0 120 120\"><title>correct<\/title><g id=\"Page-1\" stroke=\"none\" stroke-width=\"1\" fill=\"none\" fill-rule=\"evenodd\"><g id=\"correct\" fill-rule=\"nonzero\"><path d=\"M60,0 C26.90625,0 0,26.90625 0,60 C0,93.09375 26.90625,120 60,120 C93.09375,120 120,93.09375 120,60 C120,26.90625 93.09375,0 60,0 Z\" id=\"Path\" fill=\"#35B256\"><\/path><path d=\"M89.015625,39.7734375 C90.46875,41.2265625 90.46875,43.6171875 89.015625,45.0703125 L53.859375,80.2265625 C53.1328125,80.953125 52.171875,81.328125 51.2109375,81.328125 C50.25,81.328125 49.2890625,80.953125 48.5625,80.2265625 L30.984375,62.6484375 C29.53125,61.1953125 29.53125,58.8046875 30.984375,57.3515625 C32.4375,55.8984375 34.828125,55.8984375 36.28125,57.3515625 L51.2109375,72.28125 L83.71875,39.7734375 C85.171875,38.296875 87.5625,38.296875 89.015625,39.7734375 Z\" id=\"Path\" fill=\"#FFFFFF\"><\/path><\/g><\/g><\/svg>\t\t\t\t\t\t<\/span>\n\t\t\t\t\t\t\t\t\t\t<span class=\"elementor-icon-list-text\">K\u00e4ytt\u00e4j\u00e4yst\u00e4v\u00e4llinen.<\/span>\n\t\t\t\t\t\t\t\t\t<\/li>\n\t\t\t\t\t\t\t\t<li class=\"elementor-icon-list-item\">\n\t\t\t\t\t\t\t\t\t\t\t<span class=\"elementor-icon-list-icon\">\n\t\t\t\t\t\t\t<svg xmlns=\"http:\/\/www.w3.org\/2000\/svg\" xmlns:xlink=\"http:\/\/www.w3.org\/1999\/xlink\" width=\"120px\" height=\"120px\" viewBox=\"0 0 120 120\"><title>correct<\/title><g id=\"Page-1\" stroke=\"none\" stroke-width=\"1\" fill=\"none\" fill-rule=\"evenodd\"><g id=\"correct\" fill-rule=\"nonzero\"><path d=\"M60,0 C26.90625,0 0,26.90625 0,60 C0,93.09375 26.90625,120 60,120 C93.09375,120 120,93.09375 120,60 C120,26.90625 93.09375,0 60,0 Z\" id=\"Path\" fill=\"#35B256\"><\/path><path d=\"M89.015625,39.7734375 C90.46875,41.2265625 90.46875,43.6171875 89.015625,45.0703125 L53.859375,80.2265625 C53.1328125,80.953125 52.171875,81.328125 51.2109375,81.328125 C50.25,81.328125 49.2890625,80.953125 48.5625,80.2265625 L30.984375,62.6484375 C29.53125,61.1953125 29.53125,58.8046875 30.984375,57.3515625 C32.4375,55.8984375 34.828125,55.8984375 36.28125,57.3515625 L51.2109375,72.28125 L83.71875,39.7734375 C85.171875,38.296875 87.5625,38.296875 89.015625,39.7734375 Z\" id=\"Path\" fill=\"#FFFFFF\"><\/path><\/g><\/g><\/svg>\t\t\t\t\t\t<\/span>\n\t\t\t\t\t\t\t\t\t\t<span class=\"elementor-icon-list-text\">L\u00e4pin\u00e4kyv\u00e4.<\/span>\n\t\t\t\t\t\t\t\t\t<\/li>\n\t\t\t\t\t\t\t\t<li class=\"elementor-icon-list-item\">\n\t\t\t\t\t\t\t\t\t\t\t<span class=\"elementor-icon-list-icon\">\n\t\t\t\t\t\t\t<svg xmlns=\"http:\/\/www.w3.org\/2000\/svg\" xmlns:xlink=\"http:\/\/www.w3.org\/1999\/xlink\" width=\"120px\" height=\"120px\" viewBox=\"0 0 120 120\"><title>correct<\/title><g id=\"Page-1\" stroke=\"none\" stroke-width=\"1\" fill=\"none\" fill-rule=\"evenodd\"><g id=\"correct\" fill-rule=\"nonzero\"><path d=\"M60,0 C26.90625,0 0,26.90625 0,60 C0,93.09375 26.90625,120 60,120 C93.09375,120 120,93.09375 120,60 C120,26.90625 93.09375,0 60,0 Z\" id=\"Path\" fill=\"#35B256\"><\/path><path d=\"M89.015625,39.7734375 C90.46875,41.2265625 90.46875,43.6171875 89.015625,45.0703125 L53.859375,80.2265625 C53.1328125,80.953125 52.171875,81.328125 51.2109375,81.328125 C50.25,81.328125 49.2890625,80.953125 48.5625,80.2265625 L30.984375,62.6484375 C29.53125,61.1953125 29.53125,58.8046875 30.984375,57.3515625 C32.4375,55.8984375 34.828125,55.8984375 36.28125,57.3515625 L51.2109375,72.28125 L83.71875,39.7734375 C85.171875,38.296875 87.5625,38.296875 89.015625,39.7734375 Z\" id=\"Path\" fill=\"#FFFFFF\"><\/path><\/g><\/g><\/svg>\t\t\t\t\t\t<\/span>\n\t\t\t\t\t\t\t\t\t\t<span class=\"elementor-icon-list-text\">Skaalautuva kaiken tiedon osalta.<\/span>\n\t\t\t\t\t\t\t\t\t<\/li>\n\t\t\t\t\t\t<\/ul>\n\t\t\t\t\t\t<\/div>\n\t\t\t\t<\/div>\n\t\t\t\t\t<\/div>\n\t\t<\/div>\n\t\t\t\t\t<\/div>\n\t\t<\/section>\n\t\t\t\t\t<\/div>\n\t\t<\/div>\n\t\t\t\t\t<\/div>\n\t\t<\/section>\n\t\t\t\t<section class=\"elementor-section elementor-top-section elementor-element elementor-element-bff25c5 elementor-section-boxed elementor-section-height-default elementor-section-height-default\" data-id=\"bff25c5\" data-element_type=\"section\" data-e-type=\"section\" data-settings=\"{&quot;background_background&quot;:&quot;classic&quot;,&quot;jet_parallax_layout_list&quot;:[]}\">\n\t\t\t\t\t\t<div class=\"elementor-container elementor-column-gap-default\">\n\t\t\t\t\t<div class=\"elementor-column elementor-col-100 elementor-top-column elementor-element elementor-element-cab1833\" data-id=\"cab1833\" data-element_type=\"column\" data-e-type=\"column\">\n\t\t\t<div class=\"elementor-widget-wrap elementor-element-populated\">\n\t\t\t\t\t\t<section class=\"elementor-section elementor-inner-section elementor-element elementor-element-04a09fc elementor-section-full_width elementor-reverse-mobile elementor-section-height-default elementor-section-height-default\" data-id=\"04a09fc\" data-element_type=\"section\" data-e-type=\"section\" data-settings=\"{&quot;jet_parallax_layout_list&quot;:[]}\">\n\t\t\t\t\t\t<div class=\"elementor-container elementor-column-gap-default\">\n\t\t\t\t\t<div class=\"elementor-column elementor-col-50 elementor-inner-column elementor-element elementor-element-fcc6125\" data-id=\"fcc6125\" data-element_type=\"column\" data-e-type=\"column\">\n\t\t\t<div class=\"elementor-widget-wrap elementor-element-populated\">\n\t\t\t\t\t\t<div class=\"elementor-element elementor-element-4287ed7 elementor-invisible elementor-widget elementor-widget-image\" data-id=\"4287ed7\" data-element_type=\"widget\" data-e-type=\"widget\" data-settings=\"{&quot;_animation&quot;:&quot;fadeIn&quot;}\" data-widget_type=\"image.default\">\n\t\t\t\t<div class=\"elementor-widget-container\">\n\t\t\t\t\t\t\t\t\t\t\t\t\t\t\t<img decoding=\"async\" src=\"https:\/\/aaro.com\/wp-content\/uploads\/elementor\/thumbs\/Book-qf40rywnycugelgoc9xill1w5teb9n406rkb5ehq04.jpg\" title=\"Book\" alt=\"Book\" loading=\"lazy\" \/>\t\t\t\t\t\t\t\t\t\t\t\t\t\t\t<\/div>\n\t\t\t\t<\/div>\n\t\t\t\t\t<\/div>\n\t\t<\/div>\n\t\t\t\t<div class=\"elementor-column elementor-col-50 elementor-inner-column elementor-element elementor-element-c8956ce\" data-id=\"c8956ce\" data-element_type=\"column\" data-e-type=\"column\">\n\t\t\t<div class=\"elementor-widget-wrap elementor-element-populated\">\n\t\t\t\t\t\t<div class=\"elementor-element elementor-element-79bb11e elementor-invisible elementor-widget elementor-widget-heading\" data-id=\"79bb11e\" data-element_type=\"widget\" data-e-type=\"widget\" data-settings=\"{&quot;_animation&quot;:&quot;fadeIn&quot;}\" data-widget_type=\"heading.default\">\n\t\t\t\t<div class=\"elementor-widget-container\">\n\t\t\t\t\t<h1 class=\"elementor-heading-title elementor-size-default\">Ota meihin yhteytt\u00e4 AARO demoa varten<\/h1>\t\t\t\t<\/div>\n\t\t\t\t<\/div>\n\t\t\t\t<div class=\"elementor-element elementor-element-c4567ee elementor-invisible elementor-widget elementor-widget-text-editor\" data-id=\"c4567ee\" data-element_type=\"widget\" data-e-type=\"widget\" data-settings=\"{&quot;_animation&quot;:&quot;fadeIn&quot;}\" data-widget_type=\"text-editor.default\">\n\t\t\t\t<div class=\"elementor-widget-container\">\n\t\t\t\t\t\t\t\t\t<p>Haluatko tiet\u00e4\u00e4 miten AARO toimii k\u00e4yt\u00e4nn\u00f6ss\u00e4? Tai olisitko kiinnostunut kuulemaan, jos kertoisimme miten voisit parantaa nykyist\u00e4 raportointiprosessiasi? Ota meihin yhteytt\u00e4, niin jutellaan lis\u00e4\u00e4!<\/p>\t\t\t\t\t\t\t\t<\/div>\n\t\t\t\t<\/div>\n\t\t\t\t<div class=\"elementor-element elementor-element-e51d02b animated-fast elementor-invisible elementor-widget elementor-widget-html\" data-id=\"e51d02b\" data-element_type=\"widget\" data-e-type=\"widget\" data-settings=\"{&quot;_animation&quot;:&quot;fadeIn&quot;}\" data-widget_type=\"html.default\">\n\t\t\t\t<div class=\"elementor-widget-container\">\n\t\t\t\t\t<iframe src=\"https:\/\/pages.upsales.com\/13751u8c61c5ec4dc6464c9ee2285c8f7c9f50-frame\" \t\twidth=\"360\" \t\theight=\"700\" \t\tstyle=\"border:0\"><\/iframe>\t\t\t\t<\/div>\n\t\t\t\t<\/div>\n\t\t\t\t\t<\/div>\n\t\t<\/div>\n\t\t\t\t\t<\/div>\n\t\t<\/section>\n\t\t\t\t\t<\/div>\n\t\t<\/div>\n\t\t\t\t\t<\/div>\n\t\t<\/section>\n\t\t\t\t<\/div>\n\t\t","protected":false},"excerpt":{"rendered":"<p>Dynaaminen raportointi &#8211; jokap\u00e4iv\u00e4inen ty\u00f6kalusi AARO:ssa! \u201cAARO tarjoaa monia etuja, jotka sopivat meille. Erityisesti pid\u00e4mme siit\u00e4, ett\u00e4 integroitu raportointi toiminnallisuus tarjoaa t\u00e4ydellisen l\u00e4pin\u00e4kyvyyden konsernitasolta aina operatiiviseen toimintaan.\u201d N\u00e4in asiakkaamme\u00a0AFRY sanoo AARO:n raportoinnista. Kaikki organisaation raportit saadaan AARO:n raporttigeneraattorista. T\u00e4\u00e4ll\u00e4 sin\u00e4 ja k\u00e4ytt\u00e4j\u00e4si luotte raporttinne, suoritatte ad hoc -analyysej\u00e4, konsernin t\u00e4sm\u00e4ytyksi\u00e4 yms. Kaikki raportit mahdollistavat l\u00e4pin\u00e4kyvyyden [&hellip;]<\/p>\n","protected":false},"author":1,"featured_media":0,"parent":0,"menu_order":0,"comment_status":"closed","ping_status":"closed","template":"elementor_header_footer","meta":{"om_disable_all_campaigns":false,"_monsterinsights_skip_tracking":false,"_monsterinsights_sitenote_active":false,"_monsterinsights_sitenote_note":"","_monsterinsights_sitenote_category":0,"_uf_show_specific_survey":0,"_uf_disable_surveys":false,"footnotes":""},"class_list":["post-17699","page","type-page","status-publish","hentry"],"aioseo_notices":[],"_links":{"self":[{"href":"https:\/\/aaro.com\/fi\/wp-json\/wp\/v2\/pages\/17699","targetHints":{"allow":["GET"]}}],"collection":[{"href":"https:\/\/aaro.com\/fi\/wp-json\/wp\/v2\/pages"}],"about":[{"href":"https:\/\/aaro.com\/fi\/wp-json\/wp\/v2\/types\/page"}],"author":[{"embeddable":true,"href":"https:\/\/aaro.com\/fi\/wp-json\/wp\/v2\/users\/1"}],"replies":[{"embeddable":true,"href":"https:\/\/aaro.com\/fi\/wp-json\/wp\/v2\/comments?post=17699"}],"version-history":[{"count":15,"href":"https:\/\/aaro.com\/fi\/wp-json\/wp\/v2\/pages\/17699\/revisions"}],"predecessor-version":[{"id":23853,"href":"https:\/\/aaro.com\/fi\/wp-json\/wp\/v2\/pages\/17699\/revisions\/23853"}],"wp:attachment":[{"href":"https:\/\/aaro.com\/fi\/wp-json\/wp\/v2\/media?parent=17699"}],"curies":[{"name":"wp","href":"https:\/\/api.w.org\/{rel}","templated":true}]}}