{"id":17651,"date":"2023-01-09T11:13:42","date_gmt":"2023-01-09T10:13:42","guid":{"rendered":"https:\/\/aaro.com\/services\/aaro-closing-services\/"},"modified":"2025-03-11T18:19:08","modified_gmt":"2025-03-11T17:19:08","slug":"aaro-closing-services","status":"publish","type":"page","link":"https:\/\/aaro.com\/fi\/palvelut\/aaro-closing-services\/","title":{"rendered":"AARO Closing Services"},"content":{"rendered":"\t\t<div data-elementor-type=\"wp-page\" data-elementor-id=\"17651\" class=\"elementor elementor-17651 elementor-6391\" data-elementor-post-type=\"page\">\n\t\t\t\t\t\t<section class=\"elementor-section elementor-top-section elementor-element elementor-element-3b9af22 elementor-section-content-middle elementor-section-height-min-height elementor-section-boxed elementor-section-height-default elementor-section-items-middle\" data-id=\"3b9af22\" data-element_type=\"section\" data-e-type=\"section\" data-settings=\"{&quot;background_background&quot;:&quot;classic&quot;,&quot;jet_parallax_layout_list&quot;:[{&quot;jet_parallax_layout_image&quot;:{&quot;url&quot;:&quot;&quot;,&quot;id&quot;:&quot;&quot;,&quot;size&quot;:&quot;&quot;},&quot;_id&quot;:&quot;f6b8625&quot;,&quot;jet_parallax_layout_image_tablet&quot;:{&quot;url&quot;:&quot;&quot;,&quot;id&quot;:&quot;&quot;,&quot;size&quot;:&quot;&quot;},&quot;jet_parallax_layout_image_mobile&quot;:{&quot;url&quot;:&quot;&quot;,&quot;id&quot;:&quot;&quot;,&quot;size&quot;:&quot;&quot;},&quot;jet_parallax_layout_speed&quot;:{&quot;unit&quot;:&quot;%&quot;,&quot;size&quot;:50,&quot;sizes&quot;:[]},&quot;jet_parallax_layout_type&quot;:&quot;scroll&quot;,&quot;jet_parallax_layout_direction&quot;:&quot;1&quot;,&quot;jet_parallax_layout_fx_direction&quot;:null,&quot;jet_parallax_layout_z_index&quot;:&quot;&quot;,&quot;jet_parallax_layout_bg_x&quot;:50,&quot;jet_parallax_layout_bg_x_tablet&quot;:&quot;&quot;,&quot;jet_parallax_layout_bg_x_mobile&quot;:&quot;&quot;,&quot;jet_parallax_layout_bg_y&quot;:50,&quot;jet_parallax_layout_bg_y_tablet&quot;:&quot;&quot;,&quot;jet_parallax_layout_bg_y_mobile&quot;:&quot;&quot;,&quot;jet_parallax_layout_bg_size&quot;:&quot;auto&quot;,&quot;jet_parallax_layout_bg_size_tablet&quot;:&quot;&quot;,&quot;jet_parallax_layout_bg_size_mobile&quot;:&quot;&quot;,&quot;jet_parallax_layout_animation_prop&quot;:&quot;transform&quot;,&quot;jet_parallax_layout_on&quot;:[&quot;desktop&quot;,&quot;tablet&quot;]}]}\">\n\t\t\t\t\t\t\t<div class=\"elementor-background-overlay\"><\/div>\n\t\t\t\t\t\t\t<div class=\"elementor-container elementor-column-gap-default\">\n\t\t\t\t\t<div class=\"elementor-column elementor-col-50 elementor-top-column elementor-element elementor-element-1441b86\" data-id=\"1441b86\" data-element_type=\"column\" data-e-type=\"column\">\n\t\t\t<div class=\"elementor-widget-wrap elementor-element-populated\">\n\t\t\t\t\t\t<div class=\"elementor-element elementor-element-3d5a2c2 elementor-invisible elementor-widget elementor-widget-heading\" data-id=\"3d5a2c2\" data-element_type=\"widget\" data-e-type=\"widget\" data-settings=\"{&quot;_animation&quot;:&quot;fadeIn&quot;}\" data-widget_type=\"heading.default\">\n\t\t\t\t<div class=\"elementor-widget-container\">\n\t\t\t\t\t<h1 class=\"elementor-heading-title elementor-size-default\">AARO Closing Services<\/h1>\t\t\t\t<\/div>\n\t\t\t\t<\/div>\n\t\t\t\t<div class=\"elementor-element elementor-element-0ddb8c4 elementor-invisible elementor-widget elementor-widget-text-editor\" data-id=\"0ddb8c4\" data-element_type=\"widget\" data-e-type=\"widget\" data-settings=\"{&quot;_animation&quot;:&quot;fadeIn&quot;,&quot;_animation_delay&quot;:100}\" data-widget_type=\"text-editor.default\">\n\t\t\t\t<div class=\"elementor-widget-container\">\n\t\t\t\t\t\t\t\t\t<p>AARO Closing Services on palvelu, joka parantaa tilinp\u00e4\u00e4t\u00f6ksen laatua ja prosessia tilikauden p\u00e4\u00e4ttymisen aikana, auttaen sinua saamaan kaiken valmiiksi ajoissa.<\/p>\t\t\t\t\t\t\t\t<\/div>\n\t\t\t\t<\/div>\n\t\t\t\t<div class=\"elementor-element elementor-element-de11358 elementor-mobile-align-left elementor-align-left elementor-invisible elementor-widget elementor-widget-button\" data-id=\"de11358\" data-element_type=\"widget\" data-e-type=\"widget\" data-settings=\"{&quot;_animation&quot;:&quot;fadeIn&quot;,&quot;_animation_delay&quot;:300}\" data-widget_type=\"button.default\">\n\t\t\t\t<div class=\"elementor-widget-container\">\n\t\t\t\t\t\t\t\t\t<div class=\"elementor-button-wrapper\">\n\t\t\t\t\t<a class=\"elementor-button elementor-button-link elementor-size-md elementor-animation-float\" href=\"https:\/\/aarosystems.refined.site\/\">\n\t\t\t\t\t\t<span class=\"elementor-button-content-wrapper\">\n\t\t\t\t\t\t<span class=\"elementor-button-icon\">\n\t\t\t\t<i aria-hidden=\"true\" class=\"fas fa-long-arrow-alt-right\"><\/i>\t\t\t<\/span>\n\t\t\t\t\t\t\t\t\t<span class=\"elementor-button-text\">Varaa aika AARO Service Centerin kautta<\/span>\n\t\t\t\t\t<\/span>\n\t\t\t\t\t<\/a>\n\t\t\t\t<\/div>\n\t\t\t\t\t\t\t\t<\/div>\n\t\t\t\t<\/div>\n\t\t\t\t\t<\/div>\n\t\t<\/div>\n\t\t\t\t<div class=\"elementor-column elementor-col-50 elementor-top-column elementor-element elementor-element-83043f6\" data-id=\"83043f6\" data-element_type=\"column\" data-e-type=\"column\">\n\t\t\t<div class=\"elementor-widget-wrap\">\n\t\t\t\t\t\t\t<\/div>\n\t\t<\/div>\n\t\t\t\t\t<\/div>\n\t\t<\/section>\n\t\t\t\t<section class=\"elementor-section elementor-top-section elementor-element elementor-element-0a8a69e elementor-section-boxed elementor-section-height-default elementor-section-height-default\" data-id=\"0a8a69e\" data-element_type=\"section\" data-e-type=\"section\" data-settings=\"{&quot;jet_parallax_layout_list&quot;:[]}\">\n\t\t\t\t\t\t<div class=\"elementor-container elementor-column-gap-default\">\n\t\t\t\t\t<div class=\"elementor-column elementor-col-100 elementor-top-column elementor-element elementor-element-9b2f43d\" data-id=\"9b2f43d\" data-element_type=\"column\" data-e-type=\"column\">\n\t\t\t<div class=\"elementor-widget-wrap elementor-element-populated\">\n\t\t\t\t\t\t<section class=\"elementor-section elementor-inner-section elementor-element elementor-element-b570da4 elementor-section-full_width elementor-reverse-mobile elementor-section-height-default elementor-section-height-default\" data-id=\"b570da4\" data-element_type=\"section\" data-e-type=\"section\" data-settings=\"{&quot;jet_parallax_layout_list&quot;:[]}\">\n\t\t\t\t\t\t<div class=\"elementor-container elementor-column-gap-default\">\n\t\t\t\t\t<div class=\"elementor-column elementor-col-50 elementor-inner-column elementor-element elementor-element-63e2ae9\" data-id=\"63e2ae9\" data-element_type=\"column\" data-e-type=\"column\">\n\t\t\t<div class=\"elementor-widget-wrap elementor-element-populated\">\n\t\t\t\t\t\t<div class=\"elementor-element elementor-element-df50b21 elementor-invisible elementor-widget elementor-widget-heading\" data-id=\"df50b21\" data-element_type=\"widget\" data-e-type=\"widget\" data-settings=\"{&quot;_animation&quot;:&quot;fadeIn&quot;}\" data-widget_type=\"heading.default\">\n\t\t\t\t<div class=\"elementor-widget-container\">\n\t\t\t\t\t<h2 class=\"elementor-heading-title elementor-size-default\">Online- tai paikallista apua tarpeidesi mukaan<\/h2>\t\t\t\t<\/div>\n\t\t\t\t<\/div>\n\t\t\t\t<div class=\"elementor-element elementor-element-e5b8a0b elementor-invisible elementor-widget elementor-widget-text-editor\" data-id=\"e5b8a0b\" data-element_type=\"widget\" data-e-type=\"widget\" data-settings=\"{&quot;_animation&quot;:&quot;fadeIn&quot;}\" data-widget_type=\"text-editor.default\">\n\t\t\t\t<div class=\"elementor-widget-container\">\n\t\t\t\t\t\t\t\t\t<p>AARO Closing Services auttaa monia AARO-asiakkaita lievitt\u00e4m\u00e4\u00e4n stressi\u00e4 tilinp\u00e4\u00e4t\u00f6saikoina.<\/p><p>AARO-asiantuntijoista koostuvat tiimimme tarjoavat k\u00e4yt\u00e4nn\u00f6n apua tilikauden p\u00e4\u00e4ttymiseen, joko konserni- tai tyt\u00e4ryhti\u00f6tasolla.<\/p><p>Tarjoamme monia palveluita, tilinp\u00e4\u00e4t\u00f6ksen valmistelusta aina monimutkaisiin kysymyksiin tilikauden p\u00e4\u00e4ttymisen aikana. Joko online-muodossa tai omalla toimistollasi. Yleisimm\u00e4t tilikauden p\u00e4\u00e4ttymispalvelut, joita tarjoamme, ovat:<\/p><ul><li>J\u00e4rjestelm\u00e4valmistelut \u2013 Rutiiniteht\u00e4v\u00e4t, jotka viev\u00e4t aikaa ja toistuvat tilikauden p\u00e4\u00e4ttymisen aikana.<\/li><li>Asiantuntemus \u2013 Ainutlaatuiset tai monimutkaiset teht\u00e4v\u00e4t, jotka vaativat erityist\u00e4 asiantuntemusta tai kapasiteettia niiden suorittamiseen.<\/li><li>Laatu \u2013 Apu koordinoinnissa, dokumentoinnissa ja laadunvalvonnassa tilikauden p\u00e4\u00e4ttymisprosessissa.<\/li><\/ul>\t\t\t\t\t\t\t\t<\/div>\n\t\t\t\t<\/div>\n\t\t\t\t\t<\/div>\n\t\t<\/div>\n\t\t\t\t<div class=\"elementor-column elementor-col-50 elementor-inner-column elementor-element elementor-element-bac3af0\" data-id=\"bac3af0\" data-element_type=\"column\" data-e-type=\"column\">\n\t\t\t<div class=\"elementor-widget-wrap elementor-element-populated\">\n\t\t\t\t\t\t<div class=\"elementor-element elementor-element-cfd85f2 elementor-invisible elementor-widget elementor-widget-image\" data-id=\"cfd85f2\" data-element_type=\"widget\" data-e-type=\"widget\" data-settings=\"{&quot;_animation&quot;:&quot;fadeIn&quot;}\" data-widget_type=\"image.default\">\n\t\t\t\t<div class=\"elementor-widget-container\">\n\t\t\t\t\t\t\t\t\t\t\t\t\t\t\t<img decoding=\"async\" src=\"https:\/\/aaro.com\/wp-content\/uploads\/elementor\/thumbs\/bokslut-qf40rxytriszy0ar6xx5gyjfg9zoo6ex2l9h28kmgo.jpg\" title=\"AARO closing services\" alt=\"AARO closing services\" loading=\"lazy\" \/>\t\t\t\t\t\t\t\t\t\t\t\t\t\t\t<\/div>\n\t\t\t\t<\/div>\n\t\t\t\t\t<\/div>\n\t\t<\/div>\n\t\t\t\t\t<\/div>\n\t\t<\/section>\n\t\t\t\t\t<\/div>\n\t\t<\/div>\n\t\t\t\t\t<\/div>\n\t\t<\/section>\n\t\t\t\t<section class=\"elementor-section elementor-top-section elementor-element elementor-element-5eb1349 elementor-section-boxed elementor-section-height-default elementor-section-height-default\" data-id=\"5eb1349\" data-element_type=\"section\" data-e-type=\"section\" data-settings=\"{&quot;jet_parallax_layout_list&quot;:[]}\">\n\t\t\t\t\t\t<div class=\"elementor-container elementor-column-gap-default\">\n\t\t\t\t\t<div class=\"elementor-column elementor-col-100 elementor-top-column elementor-element elementor-element-7ec471f\" data-id=\"7ec471f\" data-element_type=\"column\" data-e-type=\"column\">\n\t\t\t<div class=\"elementor-widget-wrap elementor-element-populated\">\n\t\t\t\t\t\t<section class=\"elementor-section elementor-inner-section elementor-element elementor-element-5c5becf elementor-section-full_width elementor-section-height-default elementor-section-height-default\" data-id=\"5c5becf\" data-element_type=\"section\" data-e-type=\"section\" data-settings=\"{&quot;jet_parallax_layout_list&quot;:[]}\">\n\t\t\t\t\t\t<div class=\"elementor-container elementor-column-gap-default\">\n\t\t\t\t\t<div class=\"elementor-column elementor-col-50 elementor-inner-column elementor-element elementor-element-adefa31\" data-id=\"adefa31\" data-element_type=\"column\" data-e-type=\"column\">\n\t\t\t<div class=\"elementor-widget-wrap elementor-element-populated\">\n\t\t\t\t\t\t<div class=\"elementor-element elementor-element-ce76d07 elementor-invisible elementor-widget elementor-widget-image\" data-id=\"ce76d07\" data-element_type=\"widget\" data-e-type=\"widget\" data-settings=\"{&quot;_animation&quot;:&quot;fadeIn&quot;}\" data-widget_type=\"image.default\">\n\t\t\t\t<div class=\"elementor-widget-container\">\n\t\t\t\t\t\t\t\t\t\t\t\t\t\t\t<img decoding=\"async\" src=\"https:\/\/aaro.com\/wp-content\/uploads\/elementor\/thumbs\/konsulttimme-qf40rxytriszy0ar6xx5gyjfg9zoo6ex2l9h28kmgo.jpg\" title=\"konsulttimme\" alt=\"konsulttimme\" loading=\"lazy\" \/>\t\t\t\t\t\t\t\t\t\t\t\t\t\t\t<\/div>\n\t\t\t\t<\/div>\n\t\t\t\t\t<\/div>\n\t\t<\/div>\n\t\t\t\t<div class=\"elementor-column elementor-col-50 elementor-inner-column elementor-element elementor-element-f598372\" data-id=\"f598372\" data-element_type=\"column\" data-e-type=\"column\">\n\t\t\t<div class=\"elementor-widget-wrap elementor-element-populated\">\n\t\t\t\t\t\t<div class=\"elementor-element elementor-element-5b6dc8c elementor-invisible elementor-widget elementor-widget-heading\" data-id=\"5b6dc8c\" data-element_type=\"widget\" data-e-type=\"widget\" data-settings=\"{&quot;_animation&quot;:&quot;fadeIn&quot;}\" data-widget_type=\"heading.default\">\n\t\t\t\t<div class=\"elementor-widget-container\">\n\t\t\t\t\t<h2 class=\"elementor-heading-title elementor-size-default\">Varaa aikaa yhdest\u00e4 tunnista useampaan p\u00e4iv\u00e4\u00e4n konsultin kanssa\n<\/h2>\t\t\t\t<\/div>\n\t\t\t\t<\/div>\n\t\t\t\t<div class=\"elementor-element elementor-element-b677763 elementor-invisible elementor-widget elementor-widget-text-editor\" data-id=\"b677763\" data-element_type=\"widget\" data-e-type=\"widget\" data-settings=\"{&quot;_animation&quot;:&quot;fadeIn&quot;}\" data-widget_type=\"text-editor.default\">\n\t\t\t\t<div class=\"elementor-widget-container\">\n\t\t\t\t\t\t\t\t\t<div class=\"page\" title=\"Page 10\"><div class=\"layoutArea\"><div class=\"column\"><p>Tuemme ja autamme sinua konkreettisesti tilinp\u00e4\u00e4t\u00f6sprosessin aikana tai sen eri vaiheissa ja tarjoamme my\u00f6s neuvontaa. Voimme esimerkiksi analysoida koko prosessin ja tunnistaa prosessin parannuskohteita tilinp\u00e4\u00e4t\u00f6ksen nopeuttamiseksi ja parantaa samalla kokonaislaatua.<\/p><p>Varaa etuk\u00e4teen sinulle parhaiten sopiva ajankohta. Lyhyt teht\u00e4v\u00e4 tunnista, puolen p\u00e4iv\u00e4\u00e4n tai pidempi toimeksianto, joka tehd\u00e4\u00e4n useiden p\u00e4ivien aikana.<\/p><ul><li>Tuki \u2013 Lyhyemm\u00e4t teht\u00e4v\u00e4t muutaman tunnin tai parin p\u00e4iv\u00e4n toimeksiannot.<\/li><li>Konsultti ja asiantuntija \u2013 Tarvittaessa suuremman toimeksiannon toteuttaminen tilinp\u00e4\u00e4t\u00f6ksen yhteydess\u00e4.<\/li><li>Ulkoistaminen \u2013 Hallitsemme ja teemme koko tilinp\u00e4\u00e4t\u00f6sprosessin.<\/li><\/ul><\/div><\/div><\/div>\t\t\t\t\t\t\t\t<\/div>\n\t\t\t\t<\/div>\n\t\t\t\t\t<\/div>\n\t\t<\/div>\n\t\t\t\t\t<\/div>\n\t\t<\/section>\n\t\t\t\t\t<\/div>\n\t\t<\/div>\n\t\t\t\t\t<\/div>\n\t\t<\/section>\n\t\t\t\t<section class=\"elementor-section elementor-top-section elementor-element elementor-element-0a435ad elementor-section-boxed elementor-section-height-default elementor-section-height-default\" data-id=\"0a435ad\" data-element_type=\"section\" data-e-type=\"section\" data-settings=\"{&quot;background_background&quot;:&quot;classic&quot;,&quot;jet_parallax_layout_list&quot;:[]}\">\n\t\t\t\t\t\t<div class=\"elementor-container elementor-column-gap-default\">\n\t\t\t\t\t<div class=\"elementor-column elementor-col-100 elementor-top-column elementor-element elementor-element-227a89a\" data-id=\"227a89a\" data-element_type=\"column\" data-e-type=\"column\">\n\t\t\t<div class=\"elementor-widget-wrap elementor-element-populated\">\n\t\t\t\t\t\t<section class=\"elementor-section elementor-inner-section elementor-element elementor-element-45db896 elementor-section-full_width elementor-reverse-mobile elementor-section-height-default elementor-section-height-default\" data-id=\"45db896\" data-element_type=\"section\" data-e-type=\"section\" data-settings=\"{&quot;jet_parallax_layout_list&quot;:[]}\">\n\t\t\t\t\t\t<div class=\"elementor-container elementor-column-gap-default\">\n\t\t\t\t\t<div class=\"elementor-column elementor-col-50 elementor-inner-column elementor-element elementor-element-84672c6\" data-id=\"84672c6\" data-element_type=\"column\" data-e-type=\"column\">\n\t\t\t<div class=\"elementor-widget-wrap elementor-element-populated\">\n\t\t\t\t\t\t<div class=\"elementor-element elementor-element-0a8b659 elementor-invisible elementor-widget elementor-widget-image\" data-id=\"0a8b659\" data-element_type=\"widget\" data-e-type=\"widget\" data-settings=\"{&quot;_animation&quot;:&quot;fadeIn&quot;}\" data-widget_type=\"image.default\">\n\t\t\t\t<div class=\"elementor-widget-container\">\n\t\t\t\t\t\t\t\t\t\t\t\t\t\t\t<img decoding=\"async\" src=\"https:\/\/aaro.com\/wp-content\/uploads\/elementor\/thumbs\/Book-qf40rywnycugelgoc9xill1w5teb9n406rkb5ehq04.jpg\" title=\"Book\" alt=\"Book\" loading=\"lazy\" \/>\t\t\t\t\t\t\t\t\t\t\t\t\t\t\t<\/div>\n\t\t\t\t<\/div>\n\t\t\t\t\t<\/div>\n\t\t<\/div>\n\t\t\t\t<div class=\"elementor-column elementor-col-50 elementor-inner-column elementor-element elementor-element-17c4633\" data-id=\"17c4633\" data-element_type=\"column\" data-e-type=\"column\">\n\t\t\t<div class=\"elementor-widget-wrap elementor-element-populated\">\n\t\t\t\t\t\t<div class=\"elementor-element elementor-element-0934c82 elementor-invisible elementor-widget elementor-widget-heading\" data-id=\"0934c82\" data-element_type=\"widget\" data-e-type=\"widget\" data-settings=\"{&quot;_animation&quot;:&quot;fadeIn&quot;}\" data-widget_type=\"heading.default\">\n\t\t\t\t<div class=\"elementor-widget-container\">\n\t\t\t\t\t<h1 class=\"elementor-heading-title elementor-size-default\">Ota meihin yhteytt\u00e4 AARO demoa varten<\/h1>\t\t\t\t<\/div>\n\t\t\t\t<\/div>\n\t\t\t\t<div class=\"elementor-element elementor-element-758488d elementor-invisible elementor-widget elementor-widget-text-editor\" data-id=\"758488d\" data-element_type=\"widget\" data-e-type=\"widget\" data-settings=\"{&quot;_animation&quot;:&quot;fadeIn&quot;}\" data-widget_type=\"text-editor.default\">\n\t\t\t\t<div class=\"elementor-widget-container\">\n\t\t\t\t\t\t\t\t\t<p>Haluatko tiet\u00e4\u00e4 miten AARO toimii k\u00e4yt\u00e4nn\u00f6ss\u00e4? Tai olisitko kiinnostunut kuulemaan, jos kertoisimme miten voisit parantaa nykyist\u00e4 raportointiprosessiasi? Ota meihin yhteytt\u00e4, niin jutellaan lis\u00e4\u00e4!<\/p>\t\t\t\t\t\t\t\t<\/div>\n\t\t\t\t<\/div>\n\t\t\t\t<div class=\"elementor-element elementor-element-883c6de animated-fast elementor-invisible elementor-widget elementor-widget-html\" data-id=\"883c6de\" data-element_type=\"widget\" data-e-type=\"widget\" data-settings=\"{&quot;_animation&quot;:&quot;fadeIn&quot;}\" data-widget_type=\"html.default\">\n\t\t\t\t<div class=\"elementor-widget-container\">\n\t\t\t\t\t<iframe src=\"https:\/\/pages.upsales.com\/13751u8c61c5ec4dc6464c9ee2285c8f7c9f50-frame\" \t\twidth=\"360\" \t\theight=\"700\" \t\tstyle=\"border:0\"><\/iframe>\t\t\t\t<\/div>\n\t\t\t\t<\/div>\n\t\t\t\t\t<\/div>\n\t\t<\/div>\n\t\t\t\t\t<\/div>\n\t\t<\/section>\n\t\t\t\t\t<\/div>\n\t\t<\/div>\n\t\t\t\t\t<\/div>\n\t\t<\/section>\n\t\t\t\t<\/div>\n\t\t","protected":false},"excerpt":{"rendered":"<p>AARO Closing Services AARO Closing Services on palvelu, joka parantaa tilinp\u00e4\u00e4t\u00f6ksen laatua ja prosessia tilikauden p\u00e4\u00e4ttymisen aikana, auttaen sinua saamaan kaiken valmiiksi ajoissa. Varaa aika AARO Service Centerin kautta Online- tai paikallista apua tarpeidesi mukaan AARO Closing Services auttaa monia AARO-asiakkaita lievitt\u00e4m\u00e4\u00e4n stressi\u00e4 tilinp\u00e4\u00e4t\u00f6saikoina. AARO-asiantuntijoista koostuvat tiimimme tarjoavat k\u00e4yt\u00e4nn\u00f6n apua tilikauden p\u00e4\u00e4ttymiseen, joko konserni- tai [&hellip;]<\/p>\n","protected":false},"author":1,"featured_media":0,"parent":17648,"menu_order":0,"comment_status":"closed","ping_status":"closed","template":"elementor_header_footer","meta":{"om_disable_all_campaigns":false,"_monsterinsights_skip_tracking":false,"_monsterinsights_sitenote_active":false,"_monsterinsights_sitenote_note":"","_monsterinsights_sitenote_category":0,"_uf_show_specific_survey":0,"_uf_disable_surveys":false,"footnotes":""},"class_list":["post-17651","page","type-page","status-publish","hentry"],"aioseo_notices":[],"_links":{"self":[{"href":"https:\/\/aaro.com\/fi\/wp-json\/wp\/v2\/pages\/17651","targetHints":{"allow":["GET"]}}],"collection":[{"href":"https:\/\/aaro.com\/fi\/wp-json\/wp\/v2\/pages"}],"about":[{"href":"https:\/\/aaro.com\/fi\/wp-json\/wp\/v2\/types\/page"}],"author":[{"embeddable":true,"href":"https:\/\/aaro.com\/fi\/wp-json\/wp\/v2\/users\/1"}],"replies":[{"embeddable":true,"href":"https:\/\/aaro.com\/fi\/wp-json\/wp\/v2\/comments?post=17651"}],"version-history":[{"count":11,"href":"https:\/\/aaro.com\/fi\/wp-json\/wp\/v2\/pages\/17651\/revisions"}],"predecessor-version":[{"id":23892,"href":"https:\/\/aaro.com\/fi\/wp-json\/wp\/v2\/pages\/17651\/revisions\/23892"}],"up":[{"embeddable":true,"href":"https:\/\/aaro.com\/fi\/wp-json\/wp\/v2\/pages\/17648"}],"wp:attachment":[{"href":"https:\/\/aaro.com\/fi\/wp-json\/wp\/v2\/media?parent=17651"}],"curies":[{"name":"wp","href":"https:\/\/api.w.org\/{rel}","templated":true}]}}