{"id":17569,"date":"2023-03-08T09:11:23","date_gmt":"2023-03-08T08:11:23","guid":{"rendered":"https:\/\/aaro.com\/drilldown-in-aaro\/"},"modified":"2025-03-11T16:55:20","modified_gmt":"2025-03-11T15:55:20","slug":"aaro-porautuminen","status":"publish","type":"page","link":"https:\/\/aaro.com\/fi\/aaro-porautuminen\/","title":{"rendered":"AARO Porautuminen"},"content":{"rendered":"\t\t<div data-elementor-type=\"wp-page\" data-elementor-id=\"17569\" class=\"elementor elementor-17569 elementor-10921\" data-elementor-post-type=\"page\">\n\t\t\t\t\t\t<section class=\"elementor-section elementor-top-section elementor-element elementor-element-6daabaa elementor-section-boxed elementor-section-height-default elementor-section-height-default\" data-id=\"6daabaa\" data-element_type=\"section\" data-e-type=\"section\" data-settings=\"{&quot;background_background&quot;:&quot;classic&quot;,&quot;jet_parallax_layout_list&quot;:[]}\">\n\t\t\t\t\t\t<div class=\"elementor-container elementor-column-gap-default\">\n\t\t\t\t\t<div class=\"elementor-column elementor-col-100 elementor-top-column elementor-element elementor-element-02caf3e\" data-id=\"02caf3e\" data-element_type=\"column\" data-e-type=\"column\">\n\t\t\t<div class=\"elementor-widget-wrap elementor-element-populated\">\n\t\t\t\t\t\t<section class=\"elementor-section elementor-inner-section elementor-element elementor-element-2fa5a08 elementor-section-full_width elementor-section-height-default elementor-section-height-default\" data-id=\"2fa5a08\" data-element_type=\"section\" data-e-type=\"section\" data-settings=\"{&quot;jet_parallax_layout_list&quot;:[]}\">\n\t\t\t\t\t\t<div class=\"elementor-container elementor-column-gap-default\">\n\t\t\t\t\t<div class=\"elementor-column elementor-col-50 elementor-inner-column elementor-element elementor-element-ba09c32\" data-id=\"ba09c32\" data-element_type=\"column\" data-e-type=\"column\">\n\t\t\t<div class=\"elementor-widget-wrap elementor-element-populated\">\n\t\t\t\t\t\t<div class=\"elementor-element elementor-element-b0f19c4 elementor-widget elementor-widget-image\" data-id=\"b0f19c4\" data-element_type=\"widget\" data-e-type=\"widget\" data-widget_type=\"image.default\">\n\t\t\t\t<div class=\"elementor-widget-container\">\n\t\t\t\t\t\t\t\t\t\t\t\t\t\t\t<img fetchpriority=\"high\" decoding=\"async\" width=\"680\" height=\"619\" src=\"https:\/\/aaro.com\/wp-content\/uploads\/2023\/03\/Drilldown-funktionalitet.jpg\" class=\"attachment-full size-full wp-image-10936\" alt=\"\" srcset=\"https:\/\/aaro.com\/wp-content\/uploads\/2023\/03\/Drilldown-funktionalitet.jpg 680w, https:\/\/aaro.com\/wp-content\/uploads\/2023\/03\/Drilldown-funktionalitet-300x273.jpg 300w\" sizes=\"(max-width: 680px) 100vw, 680px\" \/>\t\t\t\t\t\t\t\t\t\t\t\t\t\t\t<\/div>\n\t\t\t\t<\/div>\n\t\t\t\t\t<\/div>\n\t\t<\/div>\n\t\t\t\t<div class=\"elementor-column elementor-col-50 elementor-inner-column elementor-element elementor-element-aa89574\" data-id=\"aa89574\" data-element_type=\"column\" data-e-type=\"column\">\n\t\t\t<div class=\"elementor-widget-wrap elementor-element-populated\">\n\t\t\t\t\t\t<div class=\"elementor-element elementor-element-c7c893b elementor-invisible elementor-widget elementor-widget-heading\" data-id=\"c7c893b\" data-element_type=\"widget\" data-e-type=\"widget\" data-settings=\"{&quot;_animation&quot;:&quot;fadeIn&quot;}\" data-widget_type=\"heading.default\">\n\t\t\t\t<div class=\"elementor-widget-container\">\n\t\t\t\t\t<h1 class=\"elementor-heading-title elementor-size-default\">Porautuminen on yksi asiakkaiden suosikkitoiminnoista AARO:ssa!<\/h1>\t\t\t\t<\/div>\n\t\t\t\t<\/div>\n\t\t\t\t<div class=\"elementor-element elementor-element-94c0208 elementor-invisible elementor-widget elementor-widget-text-editor\" data-id=\"94c0208\" data-element_type=\"widget\" data-e-type=\"widget\" data-settings=\"{&quot;_animation&quot;:&quot;fadeIn&quot;}\" data-widget_type=\"text-editor.default\">\n\t\t\t\t<div class=\"elementor-widget-container\">\n\t\t\t\t\t\t\t\t\t<p><em>\u201c\/&#8230;\/Porautumistoiminto, jolla saamme l\u00e4pin\u00e4kyvyyden lukuihin ja voimme suunnitella ja luoda uusia raportteja lennosta, sek\u00e4 seurata ja selvitt\u00e4\u00e4 jokaisen luvun alkuper\u00e4 aina tiedon l\u00e4hdej\u00e4rjestelm\u00e4st\u00e4 saakka (ERP tai kirjanpito), on parasta AARO:ssa.\u201d<\/em><\/p><p>T\u00e4m\u00e4n sanoo asiakkaamme\u00a0<a href=\"\/fi\/asiakkaitamme\/\" rel=\"noopener noreferrer\">Storytel porautumistoiminnosta.<\/a> Monien muiden ohella!<\/p>\t\t\t\t\t\t\t\t<\/div>\n\t\t\t\t<\/div>\n\t\t\t\t<div class=\"elementor-element elementor-element-1beefe1 elementor-invisible elementor-widget elementor-widget-text-editor\" data-id=\"1beefe1\" data-element_type=\"widget\" data-e-type=\"widget\" data-settings=\"{&quot;_animation&quot;:&quot;fadeIn&quot;}\" data-widget_type=\"text-editor.default\">\n\t\t\t\t<div class=\"elementor-widget-container\">\n\t\t\t\t\t\t\t\t\t<p>Porautuminen on keskeinen osa AARO:a ja sit\u00e4 k\u00e4ytet\u00e4\u00e4n eritt\u00e4in usein raportoinnin yhteydess\u00e4, erityisesti tilinp\u00e4\u00e4t\u00f6sprosessin aikana.<\/p>\t\t\t\t\t\t\t\t<\/div>\n\t\t\t\t<\/div>\n\t\t\t\t\t<\/div>\n\t\t<\/div>\n\t\t\t\t\t<\/div>\n\t\t<\/section>\n\t\t\t\t\t<\/div>\n\t\t<\/div>\n\t\t\t\t\t<\/div>\n\t\t<\/section>\n\t\t\t\t<section class=\"elementor-section elementor-top-section elementor-element elementor-element-1c03f08 elementor-section-boxed elementor-section-height-default elementor-section-height-default\" data-id=\"1c03f08\" data-element_type=\"section\" data-e-type=\"section\" data-settings=\"{&quot;jet_parallax_layout_list&quot;:[]}\">\n\t\t\t\t\t\t<div class=\"elementor-container elementor-column-gap-default\">\n\t\t\t\t\t<div class=\"elementor-column elementor-col-100 elementor-top-column elementor-element elementor-element-033b85a\" data-id=\"033b85a\" data-element_type=\"column\" data-e-type=\"column\">\n\t\t\t<div class=\"elementor-widget-wrap elementor-element-populated\">\n\t\t\t\t\t\t<section class=\"elementor-section elementor-inner-section elementor-element elementor-element-c791c7b elementor-section-full_width elementor-reverse-mobile elementor-section-height-default elementor-section-height-default\" data-id=\"c791c7b\" data-element_type=\"section\" data-e-type=\"section\" data-settings=\"{&quot;jet_parallax_layout_list&quot;:[]}\">\n\t\t\t\t\t\t<div class=\"elementor-container elementor-column-gap-default\">\n\t\t\t\t\t<div class=\"elementor-column elementor-col-50 elementor-inner-column elementor-element elementor-element-3ff80df\" data-id=\"3ff80df\" data-element_type=\"column\" data-e-type=\"column\">\n\t\t\t<div class=\"elementor-widget-wrap elementor-element-populated\">\n\t\t\t\t\t\t<div class=\"elementor-element elementor-element-c367b87 elementor-invisible elementor-widget elementor-widget-heading\" data-id=\"c367b87\" data-element_type=\"widget\" data-e-type=\"widget\" data-settings=\"{&quot;_animation&quot;:&quot;fadeIn&quot;}\" data-widget_type=\"heading.default\">\n\t\t\t\t<div class=\"elementor-widget-container\">\n\t\t\t\t\t<h2 class=\"elementor-heading-title elementor-size-default\">K\u00e4yt\u00e4 porautumista moniin eri tarpeisiin:\n<\/h2>\t\t\t\t<\/div>\n\t\t\t\t<\/div>\n\t\t\t\t<div class=\"elementor-element elementor-element-3f3aa64 elementor-icon-list--layout-traditional elementor-list-item-link-full_width elementor-invisible elementor-widget elementor-widget-icon-list\" data-id=\"3f3aa64\" data-element_type=\"widget\" data-e-type=\"widget\" data-settings=\"{&quot;_animation&quot;:&quot;fadeIn&quot;}\" data-widget_type=\"icon-list.default\">\n\t\t\t\t<div class=\"elementor-widget-container\">\n\t\t\t\t\t\t\t<ul class=\"elementor-icon-list-items\">\n\t\t\t\t\t\t\t<li class=\"elementor-icon-list-item\">\n\t\t\t\t\t\t\t\t\t\t\t<span class=\"elementor-icon-list-icon\">\n\t\t\t\t\t\t\t<svg xmlns=\"http:\/\/www.w3.org\/2000\/svg\" xmlns:xlink=\"http:\/\/www.w3.org\/1999\/xlink\" width=\"120px\" height=\"120px\" viewBox=\"0 0 120 120\"><title>correct<\/title><g id=\"Page-1\" stroke=\"none\" stroke-width=\"1\" fill=\"none\" fill-rule=\"evenodd\"><g id=\"correct\" fill-rule=\"nonzero\"><path d=\"M60,0 C26.90625,0 0,26.90625 0,60 C0,93.09375 26.90625,120 60,120 C93.09375,120 120,93.09375 120,60 C120,26.90625 93.09375,0 60,0 Z\" id=\"Path\" fill=\"#35B256\"><\/path><path d=\"M89.015625,39.7734375 C90.46875,41.2265625 90.46875,43.6171875 89.015625,45.0703125 L53.859375,80.2265625 C53.1328125,80.953125 52.171875,81.328125 51.2109375,81.328125 C50.25,81.328125 49.2890625,80.953125 48.5625,80.2265625 L30.984375,62.6484375 C29.53125,61.1953125 29.53125,58.8046875 30.984375,57.3515625 C32.4375,55.8984375 34.828125,55.8984375 36.28125,57.3515625 L51.2109375,72.28125 L83.71875,39.7734375 C85.171875,38.296875 87.5625,38.296875 89.015625,39.7734375 Z\" id=\"Path\" fill=\"#FFFFFF\"><\/path><\/g><\/g><\/svg>\t\t\t\t\t\t<\/span>\n\t\t\t\t\t\t\t\t\t\t<span class=\"elementor-icon-list-text\">Luo raportteja ja analysoi tietoa tarkasti.<\/span>\n\t\t\t\t\t\t\t\t\t<\/li>\n\t\t\t\t\t\t\t\t<li class=\"elementor-icon-list-item\">\n\t\t\t\t\t\t\t\t\t\t\t<span class=\"elementor-icon-list-icon\">\n\t\t\t\t\t\t\t<svg xmlns=\"http:\/\/www.w3.org\/2000\/svg\" xmlns:xlink=\"http:\/\/www.w3.org\/1999\/xlink\" width=\"120px\" height=\"120px\" viewBox=\"0 0 120 120\"><title>correct<\/title><g id=\"Page-1\" stroke=\"none\" stroke-width=\"1\" fill=\"none\" fill-rule=\"evenodd\"><g id=\"correct\" fill-rule=\"nonzero\"><path d=\"M60,0 C26.90625,0 0,26.90625 0,60 C0,93.09375 26.90625,120 60,120 C93.09375,120 120,93.09375 120,60 C120,26.90625 93.09375,0 60,0 Z\" id=\"Path\" fill=\"#35B256\"><\/path><path d=\"M89.015625,39.7734375 C90.46875,41.2265625 90.46875,43.6171875 89.015625,45.0703125 L53.859375,80.2265625 C53.1328125,80.953125 52.171875,81.328125 51.2109375,81.328125 C50.25,81.328125 49.2890625,80.953125 48.5625,80.2265625 L30.984375,62.6484375 C29.53125,61.1953125 29.53125,58.8046875 30.984375,57.3515625 C32.4375,55.8984375 34.828125,55.8984375 36.28125,57.3515625 L51.2109375,72.28125 L83.71875,39.7734375 C85.171875,38.296875 87.5625,38.296875 89.015625,39.7734375 Z\" id=\"Path\" fill=\"#FFFFFF\"><\/path><\/g><\/g><\/svg>\t\t\t\t\t\t<\/span>\n\t\t\t\t\t\t\t\t\t\t<span class=\"elementor-icon-list-text\">Poraudu IFRS 16 dataan ja n\u00e4e sopimusten vaikutukset v\u00e4litt\u00f6m\u00e4sti.<\/span>\n\t\t\t\t\t\t\t\t\t<\/li>\n\t\t\t\t\t\t\t\t<li class=\"elementor-icon-list-item\">\n\t\t\t\t\t\t\t\t\t\t\t<span class=\"elementor-icon-list-icon\">\n\t\t\t\t\t\t\t<svg xmlns=\"http:\/\/www.w3.org\/2000\/svg\" xmlns:xlink=\"http:\/\/www.w3.org\/1999\/xlink\" width=\"120px\" height=\"120px\" viewBox=\"0 0 120 120\"><title>correct<\/title><g id=\"Page-1\" stroke=\"none\" stroke-width=\"1\" fill=\"none\" fill-rule=\"evenodd\"><g id=\"correct\" fill-rule=\"nonzero\"><path d=\"M60,0 C26.90625,0 0,26.90625 0,60 C0,93.09375 26.90625,120 60,120 C93.09375,120 120,93.09375 120,60 C120,26.90625 93.09375,0 60,0 Z\" id=\"Path\" fill=\"#35B256\"><\/path><path d=\"M89.015625,39.7734375 C90.46875,41.2265625 90.46875,43.6171875 89.015625,45.0703125 L53.859375,80.2265625 C53.1328125,80.953125 52.171875,81.328125 51.2109375,81.328125 C50.25,81.328125 49.2890625,80.953125 48.5625,80.2265625 L30.984375,62.6484375 C29.53125,61.1953125 29.53125,58.8046875 30.984375,57.3515625 C32.4375,55.8984375 34.828125,55.8984375 36.28125,57.3515625 L51.2109375,72.28125 L83.71875,39.7734375 C85.171875,38.296875 87.5625,38.296875 89.015625,39.7734375 Z\" id=\"Path\" fill=\"#FFFFFF\"><\/path><\/g><\/g><\/svg>\t\t\t\t\t\t<\/span>\n\t\t\t\t\t\t\t\t\t\t<span class=\"elementor-icon-list-text\">Selvit\u00e4 nopeasti ja helposti, kuinka paljon omistat ja kuinka paljon on vuokrattu.<\/span>\n\t\t\t\t\t\t\t\t\t<\/li>\n\t\t\t\t\t\t\t\t<li class=\"elementor-icon-list-item\">\n\t\t\t\t\t\t\t\t\t\t\t<span class=\"elementor-icon-list-icon\">\n\t\t\t\t\t\t\t<svg xmlns=\"http:\/\/www.w3.org\/2000\/svg\" xmlns:xlink=\"http:\/\/www.w3.org\/1999\/xlink\" width=\"120px\" height=\"120px\" viewBox=\"0 0 120 120\"><title>correct<\/title><g id=\"Page-1\" stroke=\"none\" stroke-width=\"1\" fill=\"none\" fill-rule=\"evenodd\"><g id=\"correct\" fill-rule=\"nonzero\"><path d=\"M60,0 C26.90625,0 0,26.90625 0,60 C0,93.09375 26.90625,120 60,120 C93.09375,120 120,93.09375 120,60 C120,26.90625 93.09375,0 60,0 Z\" id=\"Path\" fill=\"#35B256\"><\/path><path d=\"M89.015625,39.7734375 C90.46875,41.2265625 90.46875,43.6171875 89.015625,45.0703125 L53.859375,80.2265625 C53.1328125,80.953125 52.171875,81.328125 51.2109375,81.328125 C50.25,81.328125 49.2890625,80.953125 48.5625,80.2265625 L30.984375,62.6484375 C29.53125,61.1953125 29.53125,58.8046875 30.984375,57.3515625 C32.4375,55.8984375 34.828125,55.8984375 36.28125,57.3515625 L51.2109375,72.28125 L83.71875,39.7734375 C85.171875,38.296875 87.5625,38.296875 89.015625,39.7734375 Z\" id=\"Path\" fill=\"#FFFFFF\"><\/path><\/g><\/g><\/svg>\t\t\t\t\t\t<\/span>\n\t\t\t\t\t\t\t\t\t\t<span class=\"elementor-icon-list-text\">Tutki keskeisi\u00e4 mittareita ja eri asioiden vaikutuksia yksinkertaisesti porautumalla ja tarkastelemalla!<\/span>\n\t\t\t\t\t\t\t\t\t<\/li>\n\t\t\t\t\t\t\t\t<li class=\"elementor-icon-list-item\">\n\t\t\t\t\t\t\t\t\t\t\t<span class=\"elementor-icon-list-icon\">\n\t\t\t\t\t\t\t<svg xmlns=\"http:\/\/www.w3.org\/2000\/svg\" xmlns:xlink=\"http:\/\/www.w3.org\/1999\/xlink\" width=\"120px\" height=\"120px\" viewBox=\"0 0 120 120\"><title>correct<\/title><g id=\"Page-1\" stroke=\"none\" stroke-width=\"1\" fill=\"none\" fill-rule=\"evenodd\"><g id=\"correct\" fill-rule=\"nonzero\"><path d=\"M60,0 C26.90625,0 0,26.90625 0,60 C0,93.09375 26.90625,120 60,120 C93.09375,120 120,93.09375 120,60 C120,26.90625 93.09375,0 60,0 Z\" id=\"Path\" fill=\"#35B256\"><\/path><path d=\"M89.015625,39.7734375 C90.46875,41.2265625 90.46875,43.6171875 89.015625,45.0703125 L53.859375,80.2265625 C53.1328125,80.953125 52.171875,81.328125 51.2109375,81.328125 C50.25,81.328125 49.2890625,80.953125 48.5625,80.2265625 L30.984375,62.6484375 C29.53125,61.1953125 29.53125,58.8046875 30.984375,57.3515625 C32.4375,55.8984375 34.828125,55.8984375 36.28125,57.3515625 L51.2109375,72.28125 L83.71875,39.7734375 C85.171875,38.296875 87.5625,38.296875 89.015625,39.7734375 Z\" id=\"Path\" fill=\"#FFFFFF\"><\/path><\/g><\/g><\/svg>\t\t\t\t\t\t<\/span>\n\t\t\t\t\t\t\t\t\t\t<span class=\"elementor-icon-list-text\">Poraudu ja analysoi standardi- ja lakimuutosten vaikutuksia.<\/span>\n\t\t\t\t\t\t\t\t\t<\/li>\n\t\t\t\t\t\t\t\t<li class=\"elementor-icon-list-item\">\n\t\t\t\t\t\t\t\t\t\t\t<span class=\"elementor-icon-list-icon\">\n\t\t\t\t\t\t\t<svg xmlns=\"http:\/\/www.w3.org\/2000\/svg\" xmlns:xlink=\"http:\/\/www.w3.org\/1999\/xlink\" width=\"120px\" height=\"120px\" viewBox=\"0 0 120 120\"><title>correct<\/title><g id=\"Page-1\" stroke=\"none\" stroke-width=\"1\" fill=\"none\" fill-rule=\"evenodd\"><g id=\"correct\" fill-rule=\"nonzero\"><path d=\"M60,0 C26.90625,0 0,26.90625 0,60 C0,93.09375 26.90625,120 60,120 C93.09375,120 120,93.09375 120,60 C120,26.90625 93.09375,0 60,0 Z\" id=\"Path\" fill=\"#35B256\"><\/path><path d=\"M89.015625,39.7734375 C90.46875,41.2265625 90.46875,43.6171875 89.015625,45.0703125 L53.859375,80.2265625 C53.1328125,80.953125 52.171875,81.328125 51.2109375,81.328125 C50.25,81.328125 49.2890625,80.953125 48.5625,80.2265625 L30.984375,62.6484375 C29.53125,61.1953125 29.53125,58.8046875 30.984375,57.3515625 C32.4375,55.8984375 34.828125,55.8984375 36.28125,57.3515625 L51.2109375,72.28125 L83.71875,39.7734375 C85.171875,38.296875 87.5625,38.296875 89.015625,39.7734375 Z\" id=\"Path\" fill=\"#FFFFFF\"><\/path><\/g><\/g><\/svg>\t\t\t\t\t\t<\/span>\n\t\t\t\t\t\t\t\t\t\t<span class=\"elementor-icon-list-text\">Poraudu taseeseen ja tarkastele muutoksia helposti.<\/span>\n\t\t\t\t\t\t\t\t\t<\/li>\n\t\t\t\t\t\t\t\t<li class=\"elementor-icon-list-item\">\n\t\t\t\t\t\t\t\t\t\t\t<span class=\"elementor-icon-list-icon\">\n\t\t\t\t\t\t\t<svg xmlns=\"http:\/\/www.w3.org\/2000\/svg\" xmlns:xlink=\"http:\/\/www.w3.org\/1999\/xlink\" width=\"120px\" height=\"120px\" viewBox=\"0 0 120 120\"><title>correct<\/title><g id=\"Page-1\" stroke=\"none\" stroke-width=\"1\" fill=\"none\" fill-rule=\"evenodd\"><g id=\"correct\" fill-rule=\"nonzero\"><path d=\"M60,0 C26.90625,0 0,26.90625 0,60 C0,93.09375 26.90625,120 60,120 C93.09375,120 120,93.09375 120,60 C120,26.90625 93.09375,0 60,0 Z\" id=\"Path\" fill=\"#35B256\"><\/path><path d=\"M89.015625,39.7734375 C90.46875,41.2265625 90.46875,43.6171875 89.015625,45.0703125 L53.859375,80.2265625 C53.1328125,80.953125 52.171875,81.328125 51.2109375,81.328125 C50.25,81.328125 49.2890625,80.953125 48.5625,80.2265625 L30.984375,62.6484375 C29.53125,61.1953125 29.53125,58.8046875 30.984375,57.3515625 C32.4375,55.8984375 34.828125,55.8984375 36.28125,57.3515625 L51.2109375,72.28125 L83.71875,39.7734375 C85.171875,38.296875 87.5625,38.296875 89.015625,39.7734375 Z\" id=\"Path\" fill=\"#FFFFFF\"><\/path><\/g><\/g><\/svg>\t\t\t\t\t\t<\/span>\n\t\t\t\t\t\t\t\t\t\t<span class=\"elementor-icon-list-text\">Tutki syvemmin eri liiketoiminnan vaikutuksia konserniin.<\/span>\n\t\t\t\t\t\t\t\t\t<\/li>\n\t\t\t\t\t\t<\/ul>\n\t\t\t\t\t\t<\/div>\n\t\t\t\t<\/div>\n\t\t\t\t\t<\/div>\n\t\t<\/div>\n\t\t\t\t<div class=\"elementor-column elementor-col-50 elementor-inner-column elementor-element elementor-element-27cd5aa\" data-id=\"27cd5aa\" data-element_type=\"column\" data-e-type=\"column\">\n\t\t\t<div class=\"elementor-widget-wrap elementor-element-populated\">\n\t\t\t\t\t\t<div class=\"elementor-element elementor-element-2560ab6 elementor-widget elementor-widget-image\" data-id=\"2560ab6\" data-element_type=\"widget\" data-e-type=\"widget\" data-widget_type=\"image.default\">\n\t\t\t\t<div class=\"elementor-widget-container\">\n\t\t\t\t\t\t\t\t\t\t\t\t\t\t\t<img decoding=\"async\" width=\"699\" height=\"620\" src=\"https:\/\/aaro.com\/wp-content\/uploads\/2023\/03\/drilldown-drill-ner-rapporter-i-detaljniva.jpg\" class=\"attachment-full size-full wp-image-24614\" alt=\"AARO CPM\" srcset=\"https:\/\/aaro.com\/wp-content\/uploads\/2023\/03\/drilldown-drill-ner-rapporter-i-detaljniva.jpg 699w, https:\/\/aaro.com\/wp-content\/uploads\/2023\/03\/drilldown-drill-ner-rapporter-i-detaljniva-300x266.jpg 300w\" sizes=\"(max-width: 699px) 100vw, 699px\" \/>\t\t\t\t\t\t\t\t\t\t\t\t\t\t\t<\/div>\n\t\t\t\t<\/div>\n\t\t\t\t\t<\/div>\n\t\t<\/div>\n\t\t\t\t\t<\/div>\n\t\t<\/section>\n\t\t\t\t\t<\/div>\n\t\t<\/div>\n\t\t\t\t\t<\/div>\n\t\t<\/section>\n\t\t\t\t<section class=\"elementor-section elementor-top-section elementor-element elementor-element-525cfa9 elementor-section-boxed elementor-section-height-default elementor-section-height-default\" data-id=\"525cfa9\" data-element_type=\"section\" data-e-type=\"section\" data-settings=\"{&quot;background_background&quot;:&quot;classic&quot;,&quot;jet_parallax_layout_list&quot;:[]}\">\n\t\t\t\t\t\t<div class=\"elementor-container elementor-column-gap-default\">\n\t\t\t\t\t<div class=\"elementor-column elementor-col-100 elementor-top-column elementor-element elementor-element-a8d1179\" data-id=\"a8d1179\" data-element_type=\"column\" data-e-type=\"column\">\n\t\t\t<div class=\"elementor-widget-wrap elementor-element-populated\">\n\t\t\t\t\t\t<section class=\"elementor-section elementor-inner-section elementor-element elementor-element-e3e4331 elementor-section-full_width elementor-reverse-mobile elementor-section-height-default elementor-section-height-default\" data-id=\"e3e4331\" data-element_type=\"section\" data-e-type=\"section\" data-settings=\"{&quot;jet_parallax_layout_list&quot;:[]}\">\n\t\t\t\t\t\t<div class=\"elementor-container elementor-column-gap-default\">\n\t\t\t\t\t<div class=\"elementor-column elementor-col-50 elementor-inner-column elementor-element elementor-element-2da51ed\" data-id=\"2da51ed\" data-element_type=\"column\" data-e-type=\"column\">\n\t\t\t<div class=\"elementor-widget-wrap elementor-element-populated\">\n\t\t\t\t\t\t<div class=\"elementor-element elementor-element-7833776 elementor-invisible elementor-widget elementor-widget-image\" data-id=\"7833776\" data-element_type=\"widget\" data-e-type=\"widget\" data-settings=\"{&quot;_animation&quot;:&quot;fadeIn&quot;}\" data-widget_type=\"image.default\">\n\t\t\t\t<div class=\"elementor-widget-container\">\n\t\t\t\t\t\t\t\t\t\t\t\t\t\t\t<img decoding=\"async\" src=\"https:\/\/aaro.com\/wp-content\/uploads\/elementor\/thumbs\/Book-qf40rywnycugelgoc9xill1w5teb9n406rkb5ehq04.jpg\" title=\"Book\" alt=\"Book\" loading=\"lazy\" \/>\t\t\t\t\t\t\t\t\t\t\t\t\t\t\t<\/div>\n\t\t\t\t<\/div>\n\t\t\t\t\t<\/div>\n\t\t<\/div>\n\t\t\t\t<div class=\"elementor-column elementor-col-50 elementor-inner-column elementor-element elementor-element-7832f45\" data-id=\"7832f45\" data-element_type=\"column\" data-e-type=\"column\">\n\t\t\t<div class=\"elementor-widget-wrap elementor-element-populated\">\n\t\t\t\t\t\t<div class=\"elementor-element elementor-element-a5f29d4 elementor-invisible elementor-widget elementor-widget-heading\" data-id=\"a5f29d4\" data-element_type=\"widget\" data-e-type=\"widget\" data-settings=\"{&quot;_animation&quot;:&quot;fadeIn&quot;}\" data-widget_type=\"heading.default\">\n\t\t\t\t<div class=\"elementor-widget-container\">\n\t\t\t\t\t<h1 class=\"elementor-heading-title elementor-size-default\">Ota meihin yhteytt\u00e4 AARO demoa varten<\/h1>\t\t\t\t<\/div>\n\t\t\t\t<\/div>\n\t\t\t\t<div class=\"elementor-element elementor-element-73114b5 elementor-invisible elementor-widget elementor-widget-text-editor\" data-id=\"73114b5\" data-element_type=\"widget\" data-e-type=\"widget\" data-settings=\"{&quot;_animation&quot;:&quot;fadeIn&quot;}\" data-widget_type=\"text-editor.default\">\n\t\t\t\t<div class=\"elementor-widget-container\">\n\t\t\t\t\t\t\t\t\t<p>Haluatko tiet\u00e4\u00e4 miten AARO toimii k\u00e4yt\u00e4nn\u00f6ss\u00e4? Tai olisitko kiinnostunut kuulemaan, jos kertoisimme miten voisit parantaa nykyist\u00e4 raportointiprosessiasi? Ota meihin yhteytt\u00e4, niin jutellaan lis\u00e4\u00e4!<\/p>\t\t\t\t\t\t\t\t<\/div>\n\t\t\t\t<\/div>\n\t\t\t\t<div class=\"elementor-element elementor-element-c625982 animated-fast elementor-invisible elementor-widget elementor-widget-html\" data-id=\"c625982\" data-element_type=\"widget\" data-e-type=\"widget\" data-settings=\"{&quot;_animation&quot;:&quot;fadeIn&quot;}\" data-widget_type=\"html.default\">\n\t\t\t\t<div class=\"elementor-widget-container\">\n\t\t\t\t\t<iframe src=\"https:\/\/pages.upsales.com\/13751u8c61c5ec4dc6464c9ee2285c8f7c9f50-frame\" \t\twidth=\"360\" \t\theight=\"700\" \t\tstyle=\"border:0\"><\/iframe>\t\t\t\t<\/div>\n\t\t\t\t<\/div>\n\t\t\t\t\t<\/div>\n\t\t<\/div>\n\t\t\t\t\t<\/div>\n\t\t<\/section>\n\t\t\t\t\t<\/div>\n\t\t<\/div>\n\t\t\t\t\t<\/div>\n\t\t<\/section>\n\t\t\t\t<\/div>\n\t\t","protected":false},"excerpt":{"rendered":"<p>Porautuminen on yksi asiakkaiden suosikkitoiminnoista AARO:ssa! \u201c\/&#8230;\/Porautumistoiminto, jolla saamme l\u00e4pin\u00e4kyvyyden lukuihin ja voimme suunnitella ja luoda uusia raportteja lennosta, sek\u00e4 seurata ja selvitt\u00e4\u00e4 jokaisen luvun alkuper\u00e4 aina tiedon l\u00e4hdej\u00e4rjestelm\u00e4st\u00e4 saakka (ERP tai kirjanpito), on parasta AARO:ssa.\u201d T\u00e4m\u00e4n sanoo asiakkaamme\u00a0Storytel porautumistoiminnosta. Monien muiden ohella! Porautuminen on keskeinen osa AARO:a ja sit\u00e4 k\u00e4ytet\u00e4\u00e4n eritt\u00e4in usein raportoinnin yhteydess\u00e4, [&hellip;]<\/p>\n","protected":false},"author":1,"featured_media":0,"parent":0,"menu_order":0,"comment_status":"closed","ping_status":"closed","template":"elementor_header_footer","meta":{"om_disable_all_campaigns":false,"_monsterinsights_skip_tracking":false,"_monsterinsights_sitenote_active":false,"_monsterinsights_sitenote_note":"","_monsterinsights_sitenote_category":0,"_uf_show_specific_survey":0,"_uf_disable_surveys":false,"footnotes":""},"class_list":["post-17569","page","type-page","status-publish","hentry"],"aioseo_notices":[],"_links":{"self":[{"href":"https:\/\/aaro.com\/fi\/wp-json\/wp\/v2\/pages\/17569","targetHints":{"allow":["GET"]}}],"collection":[{"href":"https:\/\/aaro.com\/fi\/wp-json\/wp\/v2\/pages"}],"about":[{"href":"https:\/\/aaro.com\/fi\/wp-json\/wp\/v2\/types\/page"}],"author":[{"embeddable":true,"href":"https:\/\/aaro.com\/fi\/wp-json\/wp\/v2\/users\/1"}],"replies":[{"embeddable":true,"href":"https:\/\/aaro.com\/fi\/wp-json\/wp\/v2\/comments?post=17569"}],"version-history":[{"count":15,"href":"https:\/\/aaro.com\/fi\/wp-json\/wp\/v2\/pages\/17569\/revisions"}],"predecessor-version":[{"id":23850,"href":"https:\/\/aaro.com\/fi\/wp-json\/wp\/v2\/pages\/17569\/revisions\/23850"}],"wp:attachment":[{"href":"https:\/\/aaro.com\/fi\/wp-json\/wp\/v2\/media?parent=17569"}],"curies":[{"name":"wp","href":"https:\/\/api.w.org\/{rel}","templated":true}]}}