{"id":17561,"date":"2022-10-23T17:43:41","date_gmt":"2022-10-23T16:43:41","guid":{"rendered":"https:\/\/aaro.com\/book-a-demo\/"},"modified":"2025-03-11T16:33:53","modified_gmt":"2025-03-11T15:33:53","slug":"varaa-demo","status":"publish","type":"page","link":"https:\/\/aaro.com\/fi\/varaa-demo\/","title":{"rendered":"Varaa demo"},"content":{"rendered":"\t\t<div data-elementor-type=\"wp-page\" data-elementor-id=\"17561\" class=\"elementor elementor-17561 elementor-5071\" data-elementor-post-type=\"page\">\n\t\t\t\t\t\t<section class=\"elementor-section elementor-top-section elementor-element elementor-element-bc2b0a1 elementor-section-content-middle elementor-section-boxed elementor-section-height-default elementor-section-height-default\" data-id=\"bc2b0a1\" data-element_type=\"section\" data-e-type=\"section\" data-settings=\"{&quot;jet_parallax_layout_list&quot;:[{&quot;jet_parallax_layout_image&quot;:{&quot;url&quot;:&quot;&quot;,&quot;id&quot;:&quot;&quot;,&quot;size&quot;:&quot;&quot;},&quot;_id&quot;:&quot;f6b8625&quot;,&quot;jet_parallax_layout_image_tablet&quot;:{&quot;url&quot;:&quot;&quot;,&quot;id&quot;:&quot;&quot;,&quot;size&quot;:&quot;&quot;},&quot;jet_parallax_layout_image_mobile&quot;:{&quot;url&quot;:&quot;&quot;,&quot;id&quot;:&quot;&quot;,&quot;size&quot;:&quot;&quot;},&quot;jet_parallax_layout_speed&quot;:{&quot;unit&quot;:&quot;%&quot;,&quot;size&quot;:50,&quot;sizes&quot;:[]},&quot;jet_parallax_layout_type&quot;:&quot;scroll&quot;,&quot;jet_parallax_layout_direction&quot;:&quot;1&quot;,&quot;jet_parallax_layout_fx_direction&quot;:null,&quot;jet_parallax_layout_z_index&quot;:&quot;&quot;,&quot;jet_parallax_layout_bg_x&quot;:50,&quot;jet_parallax_layout_bg_x_tablet&quot;:&quot;&quot;,&quot;jet_parallax_layout_bg_x_mobile&quot;:&quot;&quot;,&quot;jet_parallax_layout_bg_y&quot;:50,&quot;jet_parallax_layout_bg_y_tablet&quot;:&quot;&quot;,&quot;jet_parallax_layout_bg_y_mobile&quot;:&quot;&quot;,&quot;jet_parallax_layout_bg_size&quot;:&quot;auto&quot;,&quot;jet_parallax_layout_bg_size_tablet&quot;:&quot;&quot;,&quot;jet_parallax_layout_bg_size_mobile&quot;:&quot;&quot;,&quot;jet_parallax_layout_animation_prop&quot;:&quot;transform&quot;,&quot;jet_parallax_layout_on&quot;:[&quot;desktop&quot;,&quot;tablet&quot;]}]}\">\n\t\t\t\t\t\t<div class=\"elementor-container elementor-column-gap-default\">\n\t\t\t\t\t<div class=\"elementor-column elementor-col-50 elementor-top-column elementor-element elementor-element-a8c8a0a\" data-id=\"a8c8a0a\" data-element_type=\"column\" data-e-type=\"column\">\n\t\t\t<div class=\"elementor-widget-wrap elementor-element-populated\">\n\t\t\t\t\t\t<div class=\"elementor-element elementor-element-6e716cf elementor-invisible elementor-widget elementor-widget-heading\" data-id=\"6e716cf\" data-element_type=\"widget\" data-e-type=\"widget\" data-settings=\"{&quot;_animation&quot;:&quot;fadeIn&quot;}\" data-widget_type=\"heading.default\">\n\t\t\t\t<div class=\"elementor-widget-container\">\n\t\t\t\t\t<h1 class=\"elementor-heading-title elementor-size-default\">Varaa demo<\/h1>\t\t\t\t<\/div>\n\t\t\t\t<\/div>\n\t\t\t\t<div class=\"elementor-element elementor-element-b61888e elementor-invisible elementor-widget elementor-widget-text-editor\" data-id=\"b61888e\" data-element_type=\"widget\" data-e-type=\"widget\" data-settings=\"{&quot;_animation&quot;:&quot;fadeIn&quot;,&quot;_animation_delay&quot;:100}\" data-widget_type=\"text-editor.default\">\n\t\t\t\t<div class=\"elementor-widget-container\">\n\t\t\t\t\t\t\t\t\t<p>Haluatko tiet\u00e4\u00e4 miten AARO toimii k\u00e4yt\u00e4nn\u00f6ss\u00e4? Tai olisitko kiinnostunut kuulemaan, jos kertoisimme miten voisit parantaa nykyist\u00e4 raportointiprosessiasi? Ota meihin yhteytt\u00e4, niin jutellaan lis\u00e4\u00e4!<\/p>\t\t\t\t\t\t\t\t<\/div>\n\t\t\t\t<\/div>\n\t\t\t\t<div class=\"elementor-element elementor-element-e782929 elementor-icon-list--layout-traditional elementor-list-item-link-full_width elementor-invisible elementor-widget elementor-widget-icon-list\" data-id=\"e782929\" data-element_type=\"widget\" data-e-type=\"widget\" data-settings=\"{&quot;_animation&quot;:&quot;fadeIn&quot;,&quot;_animation_delay&quot;:150}\" data-widget_type=\"icon-list.default\">\n\t\t\t\t<div class=\"elementor-widget-container\">\n\t\t\t\t\t\t\t<ul class=\"elementor-icon-list-items\">\n\t\t\t\t\t\t\t<li class=\"elementor-icon-list-item\">\n\t\t\t\t\t\t\t\t\t\t\t<span class=\"elementor-icon-list-icon\">\n\t\t\t\t\t\t\t<svg xmlns=\"http:\/\/www.w3.org\/2000\/svg\" xmlns:xlink=\"http:\/\/www.w3.org\/1999\/xlink\" width=\"120px\" height=\"120px\" viewBox=\"0 0 120 120\"><title>correct<\/title><g id=\"Page-1\" stroke=\"none\" stroke-width=\"1\" fill=\"none\" fill-rule=\"evenodd\"><g id=\"correct\" fill-rule=\"nonzero\"><path d=\"M60,0 C26.90625,0 0,26.90625 0,60 C0,93.09375 26.90625,120 60,120 C93.09375,120 120,93.09375 120,60 C120,26.90625 93.09375,0 60,0 Z\" id=\"Path\" fill=\"#35B256\"><\/path><path d=\"M89.015625,39.7734375 C90.46875,41.2265625 90.46875,43.6171875 89.015625,45.0703125 L53.859375,80.2265625 C53.1328125,80.953125 52.171875,81.328125 51.2109375,81.328125 C50.25,81.328125 49.2890625,80.953125 48.5625,80.2265625 L30.984375,62.6484375 C29.53125,61.1953125 29.53125,58.8046875 30.984375,57.3515625 C32.4375,55.8984375 34.828125,55.8984375 36.28125,57.3515625 L51.2109375,72.28125 L83.71875,39.7734375 C85.171875,38.296875 87.5625,38.296875 89.015625,39.7734375 Z\" id=\"Path\" fill=\"#FFFFFF\"><\/path><\/g><\/g><\/svg>\t\t\t\t\t\t<\/span>\n\t\t\t\t\t\t\t\t\t\t<span class=\"elementor-icon-list-text\">Tilinp\u00e4\u00e4t\u00f6kset ja konsolidoitu konsernilaskenta<\/span>\n\t\t\t\t\t\t\t\t\t<\/li>\n\t\t\t\t\t\t\t\t<li class=\"elementor-icon-list-item\">\n\t\t\t\t\t\t\t\t\t\t\t<span class=\"elementor-icon-list-icon\">\n\t\t\t\t\t\t\t<svg xmlns=\"http:\/\/www.w3.org\/2000\/svg\" xmlns:xlink=\"http:\/\/www.w3.org\/1999\/xlink\" width=\"120px\" height=\"120px\" viewBox=\"0 0 120 120\"><title>correct<\/title><g id=\"Page-1\" stroke=\"none\" stroke-width=\"1\" fill=\"none\" fill-rule=\"evenodd\"><g id=\"correct\" fill-rule=\"nonzero\"><path d=\"M60,0 C26.90625,0 0,26.90625 0,60 C0,93.09375 26.90625,120 60,120 C93.09375,120 120,93.09375 120,60 C120,26.90625 93.09375,0 60,0 Z\" id=\"Path\" fill=\"#35B256\"><\/path><path d=\"M89.015625,39.7734375 C90.46875,41.2265625 90.46875,43.6171875 89.015625,45.0703125 L53.859375,80.2265625 C53.1328125,80.953125 52.171875,81.328125 51.2109375,81.328125 C50.25,81.328125 49.2890625,80.953125 48.5625,80.2265625 L30.984375,62.6484375 C29.53125,61.1953125 29.53125,58.8046875 30.984375,57.3515625 C32.4375,55.8984375 34.828125,55.8984375 36.28125,57.3515625 L51.2109375,72.28125 L83.71875,39.7734375 C85.171875,38.296875 87.5625,38.296875 89.015625,39.7734375 Z\" id=\"Path\" fill=\"#FFFFFF\"><\/path><\/g><\/g><\/svg>\t\t\t\t\t\t<\/span>\n\t\t\t\t\t\t\t\t\t\t<span class=\"elementor-icon-list-text\">Perusteellinen data-analytiikka ja operatiivisen johtamisen ty\u00f6kalut raportointiin sek\u00e4 eri analyyseihin.<\/span>\n\t\t\t\t\t\t\t\t\t<\/li>\n\t\t\t\t\t\t\t\t<li class=\"elementor-icon-list-item\">\n\t\t\t\t\t\t\t\t\t\t\t<span class=\"elementor-icon-list-icon\">\n\t\t\t\t\t\t\t<svg xmlns=\"http:\/\/www.w3.org\/2000\/svg\" xmlns:xlink=\"http:\/\/www.w3.org\/1999\/xlink\" width=\"120px\" height=\"120px\" viewBox=\"0 0 120 120\"><title>correct<\/title><g id=\"Page-1\" stroke=\"none\" stroke-width=\"1\" fill=\"none\" fill-rule=\"evenodd\"><g id=\"correct\" fill-rule=\"nonzero\"><path d=\"M60,0 C26.90625,0 0,26.90625 0,60 C0,93.09375 26.90625,120 60,120 C93.09375,120 120,93.09375 120,60 C120,26.90625 93.09375,0 60,0 Z\" id=\"Path\" fill=\"#35B256\"><\/path><path d=\"M89.015625,39.7734375 C90.46875,41.2265625 90.46875,43.6171875 89.015625,45.0703125 L53.859375,80.2265625 C53.1328125,80.953125 52.171875,81.328125 51.2109375,81.328125 C50.25,81.328125 49.2890625,80.953125 48.5625,80.2265625 L30.984375,62.6484375 C29.53125,61.1953125 29.53125,58.8046875 30.984375,57.3515625 C32.4375,55.8984375 34.828125,55.8984375 36.28125,57.3515625 L51.2109375,72.28125 L83.71875,39.7734375 C85.171875,38.296875 87.5625,38.296875 89.015625,39.7734375 Z\" id=\"Path\" fill=\"#FFFFFF\"><\/path><\/g><\/g><\/svg>\t\t\t\t\t\t<\/span>\n\t\t\t\t\t\t\t\t\t\t<span class=\"elementor-icon-list-text\">Dynaamiset simulaatiot ja vaihtoehtolaskelmat eri tiedoista.<\/span>\n\t\t\t\t\t\t\t\t\t<\/li>\n\t\t\t\t\t\t\t\t<li class=\"elementor-icon-list-item\">\n\t\t\t\t\t\t\t\t\t\t\t<span class=\"elementor-icon-list-icon\">\n\t\t\t\t\t\t\t<svg xmlns=\"http:\/\/www.w3.org\/2000\/svg\" xmlns:xlink=\"http:\/\/www.w3.org\/1999\/xlink\" width=\"120px\" height=\"120px\" viewBox=\"0 0 120 120\"><title>correct<\/title><g id=\"Page-1\" stroke=\"none\" stroke-width=\"1\" fill=\"none\" fill-rule=\"evenodd\"><g id=\"correct\" fill-rule=\"nonzero\"><path d=\"M60,0 C26.90625,0 0,26.90625 0,60 C0,93.09375 26.90625,120 60,120 C93.09375,120 120,93.09375 120,60 C120,26.90625 93.09375,0 60,0 Z\" id=\"Path\" fill=\"#35B256\"><\/path><path d=\"M89.015625,39.7734375 C90.46875,41.2265625 90.46875,43.6171875 89.015625,45.0703125 L53.859375,80.2265625 C53.1328125,80.953125 52.171875,81.328125 51.2109375,81.328125 C50.25,81.328125 49.2890625,80.953125 48.5625,80.2265625 L30.984375,62.6484375 C29.53125,61.1953125 29.53125,58.8046875 30.984375,57.3515625 C32.4375,55.8984375 34.828125,55.8984375 36.28125,57.3515625 L51.2109375,72.28125 L83.71875,39.7734375 C85.171875,38.296875 87.5625,38.296875 89.015625,39.7734375 Z\" id=\"Path\" fill=\"#FFFFFF\"><\/path><\/g><\/g><\/svg>\t\t\t\t\t\t<\/span>\n\t\t\t\t\t\t\t\t\t\t<span class=\"elementor-icon-list-text\">Suunnittelu, pitk\u00e4n- ja lyhyen aikav\u00e4lin strateginen suunnittelu, budjetointi  ja ennustaminen.<\/span>\n\t\t\t\t\t\t\t\t\t<\/li>\n\t\t\t\t\t\t<\/ul>\n\t\t\t\t\t\t<\/div>\n\t\t\t\t<\/div>\n\t\t\t\t\t<\/div>\n\t\t<\/div>\n\t\t\t\t<div class=\"elementor-column elementor-col-50 elementor-top-column elementor-element elementor-element-443ce3e\" data-id=\"443ce3e\" data-element_type=\"column\" data-e-type=\"column\" data-settings=\"{&quot;background_background&quot;:&quot;classic&quot;}\">\n\t\t\t<div class=\"elementor-widget-wrap elementor-element-populated\">\n\t\t\t\t\t\t<div class=\"elementor-element elementor-element-d0cb575 animated-fast elementor-invisible elementor-widget elementor-widget-html\" data-id=\"d0cb575\" data-element_type=\"widget\" data-e-type=\"widget\" data-settings=\"{&quot;_animation&quot;:&quot;fadeIn&quot;}\" data-widget_type=\"html.default\">\n\t\t\t\t<div class=\"elementor-widget-container\">\n\t\t\t\t\t<iframe src=\"https:\/\/pages.upsales.com\/13751u8c61c5ec4dc6464c9ee2285c8f7c9f50-frame\" \t\twidth=\"360\" \t\theight=\"700\" \t\tstyle=\"border:0\"><\/iframe>\t\t\t\t<\/div>\n\t\t\t\t<\/div>\n\t\t\t\t\t<\/div>\n\t\t<\/div>\n\t\t\t\t\t<\/div>\n\t\t<\/section>\n\t\t\t\t<\/div>\n\t\t","protected":false},"excerpt":{"rendered":"<p>Varaa demo Haluatko tiet\u00e4\u00e4 miten AARO toimii k\u00e4yt\u00e4nn\u00f6ss\u00e4? Tai olisitko kiinnostunut kuulemaan, jos kertoisimme miten voisit parantaa nykyist\u00e4 raportointiprosessiasi? Ota meihin yhteytt\u00e4, niin jutellaan lis\u00e4\u00e4! correct Tilinp\u00e4\u00e4t\u00f6kset ja konsolidoitu konsernilaskenta correct Perusteellinen data-analytiikka ja operatiivisen johtamisen ty\u00f6kalut raportointiin sek\u00e4 eri analyyseihin. correct Dynaamiset simulaatiot ja vaihtoehtolaskelmat eri tiedoista. correct Suunnittelu, pitk\u00e4n- ja lyhyen aikav\u00e4lin strateginen [&hellip;]<\/p>\n","protected":false},"author":1,"featured_media":0,"parent":0,"menu_order":0,"comment_status":"closed","ping_status":"closed","template":"elementor_header_footer","meta":{"om_disable_all_campaigns":false,"_monsterinsights_skip_tracking":false,"_monsterinsights_sitenote_active":false,"_monsterinsights_sitenote_note":"","_monsterinsights_sitenote_category":0,"_uf_show_specific_survey":0,"_uf_disable_surveys":false,"footnotes":""},"class_list":["post-17561","page","type-page","status-publish","hentry"],"aioseo_notices":[],"_links":{"self":[{"href":"https:\/\/aaro.com\/fi\/wp-json\/wp\/v2\/pages\/17561","targetHints":{"allow":["GET"]}}],"collection":[{"href":"https:\/\/aaro.com\/fi\/wp-json\/wp\/v2\/pages"}],"about":[{"href":"https:\/\/aaro.com\/fi\/wp-json\/wp\/v2\/types\/page"}],"author":[{"embeddable":true,"href":"https:\/\/aaro.com\/fi\/wp-json\/wp\/v2\/users\/1"}],"replies":[{"embeddable":true,"href":"https:\/\/aaro.com\/fi\/wp-json\/wp\/v2\/comments?post=17561"}],"version-history":[{"count":20,"href":"https:\/\/aaro.com\/fi\/wp-json\/wp\/v2\/pages\/17561\/revisions"}],"predecessor-version":[{"id":23840,"href":"https:\/\/aaro.com\/fi\/wp-json\/wp\/v2\/pages\/17561\/revisions\/23840"}],"wp:attachment":[{"href":"https:\/\/aaro.com\/fi\/wp-json\/wp\/v2\/media?parent=17561"}],"curies":[{"name":"wp","href":"https:\/\/api.w.org\/{rel}","templated":true}]}}