{"id":17554,"date":"2022-10-23T09:14:48","date_gmt":"2022-10-23T08:14:48","guid":{"rendered":"https:\/\/aaro.com\/about-us\/"},"modified":"2025-03-20T14:52:05","modified_gmt":"2025-03-20T13:52:05","slug":"meista","status":"publish","type":"page","link":"https:\/\/aaro.com\/fi\/meista\/","title":{"rendered":"Meist\u00e4"},"content":{"rendered":"\t\t<div data-elementor-type=\"wp-page\" data-elementor-id=\"17554\" class=\"elementor elementor-17554 elementor-4841\" data-elementor-post-type=\"page\">\n\t\t\t\t\t\t<section class=\"elementor-section elementor-top-section elementor-element elementor-element-0a131fc elementor-section-content-middle elementor-section-height-min-height elementor-section-boxed elementor-section-height-default elementor-section-items-middle\" data-id=\"0a131fc\" data-element_type=\"section\" data-e-type=\"section\" data-settings=\"{&quot;background_background&quot;:&quot;classic&quot;,&quot;jet_parallax_layout_list&quot;:[{&quot;jet_parallax_layout_image&quot;:{&quot;url&quot;:&quot;&quot;,&quot;id&quot;:&quot;&quot;,&quot;size&quot;:&quot;&quot;},&quot;_id&quot;:&quot;f6b8625&quot;,&quot;jet_parallax_layout_image_tablet&quot;:{&quot;url&quot;:&quot;&quot;,&quot;id&quot;:&quot;&quot;,&quot;size&quot;:&quot;&quot;},&quot;jet_parallax_layout_image_mobile&quot;:{&quot;url&quot;:&quot;&quot;,&quot;id&quot;:&quot;&quot;,&quot;size&quot;:&quot;&quot;},&quot;jet_parallax_layout_speed&quot;:{&quot;unit&quot;:&quot;%&quot;,&quot;size&quot;:50,&quot;sizes&quot;:[]},&quot;jet_parallax_layout_type&quot;:&quot;scroll&quot;,&quot;jet_parallax_layout_direction&quot;:&quot;1&quot;,&quot;jet_parallax_layout_fx_direction&quot;:null,&quot;jet_parallax_layout_z_index&quot;:&quot;&quot;,&quot;jet_parallax_layout_bg_x&quot;:50,&quot;jet_parallax_layout_bg_x_tablet&quot;:&quot;&quot;,&quot;jet_parallax_layout_bg_x_mobile&quot;:&quot;&quot;,&quot;jet_parallax_layout_bg_y&quot;:50,&quot;jet_parallax_layout_bg_y_tablet&quot;:&quot;&quot;,&quot;jet_parallax_layout_bg_y_mobile&quot;:&quot;&quot;,&quot;jet_parallax_layout_bg_size&quot;:&quot;auto&quot;,&quot;jet_parallax_layout_bg_size_tablet&quot;:&quot;&quot;,&quot;jet_parallax_layout_bg_size_mobile&quot;:&quot;&quot;,&quot;jet_parallax_layout_animation_prop&quot;:&quot;transform&quot;,&quot;jet_parallax_layout_on&quot;:[&quot;desktop&quot;,&quot;tablet&quot;]}]}\">\n\t\t\t\t\t\t\t<div class=\"elementor-background-overlay\"><\/div>\n\t\t\t\t\t\t\t<div class=\"elementor-container elementor-column-gap-default\">\n\t\t\t\t\t<div class=\"elementor-column elementor-col-50 elementor-top-column elementor-element elementor-element-e2bbcdc\" data-id=\"e2bbcdc\" data-element_type=\"column\" data-e-type=\"column\">\n\t\t\t<div class=\"elementor-widget-wrap elementor-element-populated\">\n\t\t\t\t\t\t<div class=\"elementor-element elementor-element-67b7df1 elementor-invisible elementor-widget elementor-widget-heading\" data-id=\"67b7df1\" data-element_type=\"widget\" data-e-type=\"widget\" data-settings=\"{&quot;_animation&quot;:&quot;fadeIn&quot;}\" data-widget_type=\"heading.default\">\n\t\t\t\t<div class=\"elementor-widget-container\">\n\t\t\t\t\t<h1 class=\"elementor-heading-title elementor-size-default\">AARO (Meist\u00e4)<\/h1>\t\t\t\t<\/div>\n\t\t\t\t<\/div>\n\t\t\t\t<div class=\"elementor-element elementor-element-fc0aa0f elementor-invisible elementor-widget elementor-widget-text-editor\" data-id=\"fc0aa0f\" data-element_type=\"widget\" data-e-type=\"widget\" data-settings=\"{&quot;_animation&quot;:&quot;fadeIn&quot;,&quot;_animation_delay&quot;:100}\" data-widget_type=\"text-editor.default\">\n\t\t\t\t<div class=\"elementor-widget-container\">\n\t\t\t\t\t\t\t\t\t<p>AARO:n perustamisesta l\u00e4htien tavoitteena on ollut kehitt\u00e4\u00e4 konsolidointia ja talouden raportointia kaikenkokoisille organisaatioille. Yli kolmen vuosikymmenen innovaation ja asiantuntemuksen avulla tarjoamme edistyksellisi\u00e4 Corporate Performance Management -ratkaisua, joka on huippu ty\u00f6kalu taloussuunnitteluun, konsolidointiin, valmis ratkaisu konsernilaskennan tekemiseen sek\u00e4 raportointiin ja pitk\u00e4lle viety laskenta-automaatio yhdess\u00e4 analytiikan kanssa.<\/p>\t\t\t\t\t\t\t\t<\/div>\n\t\t\t\t<\/div>\n\t\t\t\t\t<\/div>\n\t\t<\/div>\n\t\t\t\t<div class=\"elementor-column elementor-col-50 elementor-top-column elementor-element elementor-element-265d923\" data-id=\"265d923\" data-element_type=\"column\" data-e-type=\"column\">\n\t\t\t<div class=\"elementor-widget-wrap\">\n\t\t\t\t\t\t\t<\/div>\n\t\t<\/div>\n\t\t\t\t\t<\/div>\n\t\t<\/section>\n\t\t\t\t<section class=\"elementor-section elementor-top-section elementor-element elementor-element-a9dd1e1 elementor-section-boxed elementor-section-height-default elementor-section-height-default\" data-id=\"a9dd1e1\" data-element_type=\"section\" data-e-type=\"section\" data-settings=\"{&quot;jet_parallax_layout_list&quot;:[]}\">\n\t\t\t\t\t\t<div class=\"elementor-container elementor-column-gap-no\">\n\t\t\t\t\t<div class=\"elementor-column elementor-col-100 elementor-top-column elementor-element elementor-element-c5c3ba1\" data-id=\"c5c3ba1\" data-element_type=\"column\" data-e-type=\"column\">\n\t\t\t<div class=\"elementor-widget-wrap elementor-element-populated\">\n\t\t\t\t\t\t<section class=\"elementor-section elementor-inner-section elementor-element elementor-element-e0eba71 elementor-reverse-mobile elementor-section-boxed elementor-section-height-default elementor-section-height-default\" data-id=\"e0eba71\" data-element_type=\"section\" data-e-type=\"section\" data-settings=\"{&quot;jet_parallax_layout_list&quot;:[]}\">\n\t\t\t\t\t\t<div class=\"elementor-container elementor-column-gap-default\">\n\t\t\t\t\t<div class=\"elementor-column elementor-col-100 elementor-inner-column elementor-element elementor-element-9f5e457\" data-id=\"9f5e457\" data-element_type=\"column\" data-e-type=\"column\">\n\t\t\t<div class=\"elementor-widget-wrap elementor-element-populated\">\n\t\t\t\t\t\t<div class=\"elementor-element elementor-element-1baacec elementor-widget__width-initial elementor-invisible elementor-widget elementor-widget-heading\" data-id=\"1baacec\" data-element_type=\"widget\" data-e-type=\"widget\" data-settings=\"{&quot;_animation&quot;:&quot;fadeIn&quot;}\" data-widget_type=\"heading.default\">\n\t\t\t\t<div class=\"elementor-widget-container\">\n\t\t\t\t\t<h4 class=\"elementor-heading-title elementor-size-default\">Virtaviivaistettu talouden konsolidointi ja raportointi, suunnittelu, analytiikka sek\u00e4 seuranta\n<\/h4>\t\t\t\t<\/div>\n\t\t\t\t<\/div>\n\t\t\t\t\t<\/div>\n\t\t<\/div>\n\t\t\t\t\t<\/div>\n\t\t<\/section>\n\t\t\t\t<div class=\"elementor-element elementor-element-43bc798 elementor-widget elementor-widget-video\" data-id=\"43bc798\" data-element_type=\"widget\" data-e-type=\"widget\" data-settings=\"{&quot;youtube_url&quot;:&quot;https:\\\/\\\/www.youtube.com\\\/watch?v=vnC_zTgL2oI&quot;,&quot;video_type&quot;:&quot;youtube&quot;,&quot;controls&quot;:&quot;yes&quot;}\" data-widget_type=\"video.default\">\n\t\t\t\t<div class=\"elementor-widget-container\">\n\t\t\t\t\t\t\t<div class=\"elementor-wrapper elementor-open-inline\">\n\t\t\t<div class=\"elementor-video\"><\/div>\t\t<\/div>\n\t\t\t\t\t\t<\/div>\n\t\t\t\t<\/div>\n\t\t\t\t\t<\/div>\n\t\t<\/div>\n\t\t\t\t\t<\/div>\n\t\t<\/section>\n\t\t\t\t<section class=\"elementor-section elementor-top-section elementor-element elementor-element-dd8ea20 elementor-section-boxed elementor-section-height-default elementor-section-height-default\" data-id=\"dd8ea20\" data-element_type=\"section\" data-e-type=\"section\" data-settings=\"{&quot;jet_parallax_layout_list&quot;:[]}\">\n\t\t\t\t\t\t<div class=\"elementor-container elementor-column-gap-default\">\n\t\t\t\t\t<div class=\"elementor-column elementor-col-100 elementor-top-column elementor-element elementor-element-9e5805d\" data-id=\"9e5805d\" data-element_type=\"column\" data-e-type=\"column\">\n\t\t\t<div class=\"elementor-widget-wrap elementor-element-populated\">\n\t\t\t\t\t\t<section class=\"elementor-section elementor-inner-section elementor-element elementor-element-6db31e5 elementor-section-full_width elementor-reverse-mobile elementor-section-height-default elementor-section-height-default\" data-id=\"6db31e5\" data-element_type=\"section\" data-e-type=\"section\" data-settings=\"{&quot;jet_parallax_layout_list&quot;:[]}\">\n\t\t\t\t\t\t<div class=\"elementor-container elementor-column-gap-default\">\n\t\t\t\t\t<div class=\"elementor-column elementor-col-50 elementor-inner-column elementor-element elementor-element-b29491d\" data-id=\"b29491d\" data-element_type=\"column\" data-e-type=\"column\">\n\t\t\t<div class=\"elementor-widget-wrap elementor-element-populated\">\n\t\t\t\t\t\t<div class=\"elementor-element elementor-element-46740ed elementor-invisible elementor-widget elementor-widget-heading\" data-id=\"46740ed\" data-element_type=\"widget\" data-e-type=\"widget\" data-settings=\"{&quot;_animation&quot;:&quot;fadeIn&quot;}\" data-widget_type=\"heading.default\">\n\t\t\t\t<div class=\"elementor-widget-container\">\n\t\t\t\t\t<h4 class=\"elementor-heading-title elementor-size-default\">Johtava CPM\/EPM-ratkaisujen tarjoaja\n<\/h4>\t\t\t\t<\/div>\n\t\t\t\t<\/div>\n\t\t\t\t<div class=\"elementor-element elementor-element-5d202fb elementor-invisible elementor-widget elementor-widget-text-editor\" data-id=\"5d202fb\" data-element_type=\"widget\" data-e-type=\"widget\" data-settings=\"{&quot;_animation&quot;:&quot;fadeIn&quot;}\" data-widget_type=\"text-editor.default\">\n\t\t\t\t<div class=\"elementor-widget-container\">\n\t\t\t\t\t\t\t\t\t<div id=\"main\" class=\"box col-xs-12 col-sm-8 col-md-8 col-lg-8\" role=\"main\"><div id=\"post-18\" class=\"post-content post-18 page type-page status-publish hentry\"><div class=\"entry\"><div class=\"ewa-rteLine\"><p>Vuosiensa aikana AARO on vakiinnuttanut asemansa johtavana Corporate Performance Management (CPM) &#8211; ja talouden konsolidoinnin ja konserniraportoinnin ratkaisuna, joka on erityisen tunnettu Pohjoismaisilla markkinoilla ja sen ulkopuolella. Monipuolinen asiakaskuntamme kattaa lukuisia toimialoja, joilla kullakin on omat erityistarpeensa konsolidoinnissa ja talousraportoinnissa, konsernitilinp\u00e4\u00e4t\u00f6sten tekemisess\u00e4 ja strategisessa talouden analysoinnissa.<\/p><p>Huomionarvoisesti Nasdaq Stockholm Large Cap -listalla 30 % listatuista yrityksist\u00e4 luottaa t\u00e4ll\u00e4 hetkell\u00e4 AARO:on talousraportointi- ja konsolidointitarpeissaan, mik\u00e4 todistaa ratkaisumme luotettavuudesta ja tehokkuudesta. T\u00e4m\u00e4 k\u00e4ytt\u00f6aste heijastuu my\u00f6s Mid Cap -segmentiss\u00e4, mik\u00e4 korostaa tuotteemme skaalautuvuutta ja asiakastyytyv\u00e4isyytt\u00e4.<\/p><\/div><\/div><\/div><\/div>\t\t\t\t\t\t\t\t<\/div>\n\t\t\t\t<\/div>\n\t\t\t\t\t<\/div>\n\t\t<\/div>\n\t\t\t\t<div class=\"elementor-column elementor-col-50 elementor-inner-column elementor-element elementor-element-825900e\" data-id=\"825900e\" data-element_type=\"column\" data-e-type=\"column\">\n\t\t\t<div class=\"elementor-widget-wrap elementor-element-populated\">\n\t\t\t\t\t\t<div class=\"elementor-element elementor-element-71e6293 elementor-invisible elementor-widget elementor-widget-image\" data-id=\"71e6293\" data-element_type=\"widget\" data-e-type=\"widget\" data-settings=\"{&quot;_animation&quot;:&quot;fadeIn&quot;}\" data-widget_type=\"image.default\">\n\t\t\t\t<div class=\"elementor-widget-container\">\n\t\t\t\t\t\t\t\t\t\t\t\t\t\t\t<img decoding=\"async\" src=\"https:\/\/aaro.com\/wp-content\/uploads\/elementor\/thumbs\/partner-koncernrapportering-qf40rywnycua9m9e1gbs1gaw1nv1vvinepwyjij8ag.jpg\" title=\"partner koncernrapportering\" alt=\"partner koncernrapportering\" loading=\"lazy\" \/>\t\t\t\t\t\t\t\t\t\t\t\t\t\t\t<\/div>\n\t\t\t\t<\/div>\n\t\t\t\t\t<\/div>\n\t\t<\/div>\n\t\t\t\t\t<\/div>\n\t\t<\/section>\n\t\t\t\t\t<\/div>\n\t\t<\/div>\n\t\t\t\t\t<\/div>\n\t\t<\/section>\n\t\t\t\t<section class=\"elementor-section elementor-top-section elementor-element elementor-element-2718bdf elementor-section-boxed elementor-section-height-default elementor-section-height-default\" data-id=\"2718bdf\" data-element_type=\"section\" data-e-type=\"section\" data-settings=\"{&quot;jet_parallax_layout_list&quot;:[]}\">\n\t\t\t\t\t\t<div class=\"elementor-container elementor-column-gap-default\">\n\t\t\t\t\t<div class=\"elementor-column elementor-col-100 elementor-top-column elementor-element elementor-element-2b9ea5d\" data-id=\"2b9ea5d\" data-element_type=\"column\" data-e-type=\"column\">\n\t\t\t<div class=\"elementor-widget-wrap elementor-element-populated\">\n\t\t\t\t\t\t<section class=\"elementor-section elementor-inner-section elementor-element elementor-element-1cfc842 elementor-section-full_width elementor-section-height-default elementor-section-height-default\" data-id=\"1cfc842\" data-element_type=\"section\" data-e-type=\"section\" data-settings=\"{&quot;jet_parallax_layout_list&quot;:[]}\">\n\t\t\t\t\t\t<div class=\"elementor-container elementor-column-gap-default\">\n\t\t\t\t\t<div class=\"elementor-column elementor-col-50 elementor-inner-column elementor-element elementor-element-e45cf43\" data-id=\"e45cf43\" data-element_type=\"column\" data-e-type=\"column\">\n\t\t\t<div class=\"elementor-widget-wrap elementor-element-populated\">\n\t\t\t\t\t\t<div class=\"elementor-element elementor-element-18e7ce9 elementor-invisible elementor-widget elementor-widget-image\" data-id=\"18e7ce9\" data-element_type=\"widget\" data-e-type=\"widget\" data-settings=\"{&quot;_animation&quot;:&quot;fadeIn&quot;}\" data-widget_type=\"image.default\">\n\t\t\t\t<div class=\"elementor-widget-container\">\n\t\t\t\t\t\t\t\t\t\t\t\t\t\t\t<img decoding=\"async\" src=\"https:\/\/aaro.com\/wp-content\/uploads\/elementor\/thumbs\/Baspaket-qf40rv5b70p4z6eunep9rh91o4dl133q27b0meoszc.jpeg\" title=\"Baspaket\" alt=\"Baspaket\" loading=\"lazy\" \/>\t\t\t\t\t\t\t\t\t\t\t\t\t\t\t<\/div>\n\t\t\t\t<\/div>\n\t\t\t\t\t<\/div>\n\t\t<\/div>\n\t\t\t\t<div class=\"elementor-column elementor-col-50 elementor-inner-column elementor-element elementor-element-657e46a\" data-id=\"657e46a\" data-element_type=\"column\" data-e-type=\"column\">\n\t\t\t<div class=\"elementor-widget-wrap elementor-element-populated\">\n\t\t\t\t\t\t<div class=\"elementor-element elementor-element-f745c71 elementor-invisible elementor-widget elementor-widget-heading\" data-id=\"f745c71\" data-element_type=\"widget\" data-e-type=\"widget\" data-settings=\"{&quot;_animation&quot;:&quot;fadeIn&quot;}\" data-widget_type=\"heading.default\">\n\t\t\t\t<div class=\"elementor-widget-container\">\n\t\t\t\t\t<h2 class=\"elementor-heading-title elementor-size-default\">AARO Base Package\n<\/h2>\t\t\t\t<\/div>\n\t\t\t\t<\/div>\n\t\t\t\t<div class=\"elementor-element elementor-element-04bd1d7 elementor-invisible elementor-widget elementor-widget-text-editor\" data-id=\"04bd1d7\" data-element_type=\"widget\" data-e-type=\"widget\" data-settings=\"{&quot;_animation&quot;:&quot;fadeIn&quot;}\" data-widget_type=\"text-editor.default\">\n\t\t\t\t<div class=\"elementor-widget-container\">\n\t\t\t\t\t\t\t\t\t<div title=\"Page 13\"><div><div><div><p>Vuonna 2005 AARO esitteli\u00a0<a href=\"\/fi\/tuotteet\/aaro\/\">AARO Base Package-valmisratkaisun,<\/a> plug-and-play-valmis konsernitinp\u00e4\u00e4t\u00f6spaketti, joka on suunniteltu vastaamaan eri asiakastarpeiden kirjoon ja virtaviivaistamaan k\u00e4ytt\u00f6\u00f6ntottoa, jotta se olisi mahdollisimman nopeaa ja tehokasta.<\/p><p>AARO Base Package toimii perustana konsolidointiymp\u00e4rist\u00f6lle, joka on valmis mukautettavaksi ja laajennettavaksi tarkasti vastaamaan erillaisia konserniraportoinnin ja konsernitilinp\u00e4\u00e4t\u00f6ksen vaatimuksia ja toiveita.<\/p><p>Uusin julkaisumme, <strong>AARO25,<\/strong> lanseerattiin kes\u00e4kuussa 2024 ja se edustaa konsolidoinnin automaation huippua. Se mahdollistaa organisaatioille tehokkaan konsernitilinp\u00e4\u00e4t\u00f6ksen ja automatisoi konserniraportoinnin prosesseja tehokkaasti.<\/p><p>Varmista p\u00e4ivityksesi nyt tai ota meihin yhteytt\u00e4 saadaksesi lis\u00e4tietoja AARO ratkaisusta.<\/p><\/div><\/div><\/div><\/div>\t\t\t\t\t\t\t\t<\/div>\n\t\t\t\t<\/div>\n\t\t\t\t<div class=\"elementor-element elementor-element-3f01b69 elementor-mobile-align-left elementor-align-left elementor-invisible elementor-widget elementor-widget-button\" data-id=\"3f01b69\" data-element_type=\"widget\" data-e-type=\"widget\" data-settings=\"{&quot;_animation&quot;:&quot;fadeIn&quot;,&quot;_animation_delay&quot;:300}\" data-widget_type=\"button.default\">\n\t\t\t\t<div class=\"elementor-widget-container\">\n\t\t\t\t\t\t\t\t\t<div class=\"elementor-button-wrapper\">\n\t\t\t\t\t<a class=\"elementor-button elementor-button-link elementor-size-md elementor-animation-float\" href=\"\/en\/contact\/\">\n\t\t\t\t\t\t<span class=\"elementor-button-content-wrapper\">\n\t\t\t\t\t\t<span class=\"elementor-button-icon\">\n\t\t\t\t<i aria-hidden=\"true\" class=\"fas fa-long-arrow-alt-right\"><\/i>\t\t\t<\/span>\n\t\t\t\t\t\t\t\t\t<span class=\"elementor-button-text\">Ota meihin yhteytt\u00e4 saadaksesi lis\u00e4tietoja AAROsta<\/span>\n\t\t\t\t\t<\/span>\n\t\t\t\t\t<\/a>\n\t\t\t\t<\/div>\n\t\t\t\t\t\t\t\t<\/div>\n\t\t\t\t<\/div>\n\t\t\t\t\t<\/div>\n\t\t<\/div>\n\t\t\t\t\t<\/div>\n\t\t<\/section>\n\t\t\t\t\t<\/div>\n\t\t<\/div>\n\t\t\t\t\t<\/div>\n\t\t<\/section>\n\t\t\t\t<section class=\"elementor-section elementor-top-section elementor-element elementor-element-89247da elementor-section-boxed elementor-section-height-default elementor-section-height-default\" data-id=\"89247da\" data-element_type=\"section\" data-e-type=\"section\" data-settings=\"{&quot;background_background&quot;:&quot;classic&quot;,&quot;jet_parallax_layout_list&quot;:[]}\">\n\t\t\t\t\t\t<div class=\"elementor-container elementor-column-gap-no\">\n\t\t\t\t\t<div class=\"elementor-column elementor-col-100 elementor-top-column elementor-element elementor-element-e3266a4\" data-id=\"e3266a4\" data-element_type=\"column\" data-e-type=\"column\">\n\t\t\t<div class=\"elementor-widget-wrap elementor-element-populated\">\n\t\t\t\t\t\t<section class=\"elementor-section elementor-inner-section elementor-element elementor-element-e3370f1 elementor-section-full_width animated-slow elementor-section-height-default elementor-section-height-default elementor-invisible\" data-id=\"e3370f1\" data-element_type=\"section\" data-e-type=\"section\" data-settings=\"{&quot;background_background&quot;:&quot;classic&quot;,&quot;animation&quot;:&quot;fadeIn&quot;,&quot;jet_parallax_layout_list&quot;:[]}\">\n\t\t\t\t\t\t\t<div class=\"elementor-background-overlay\"><\/div>\n\t\t\t\t\t\t\t<div class=\"elementor-container elementor-column-gap-default\">\n\t\t\t\t\t<div class=\"elementor-column elementor-col-50 elementor-inner-column elementor-element elementor-element-b8d1389\" data-id=\"b8d1389\" data-element_type=\"column\" data-e-type=\"column\">\n\t\t\t<div class=\"elementor-widget-wrap\">\n\t\t\t\t\t\t\t<\/div>\n\t\t<\/div>\n\t\t\t\t<div class=\"elementor-column elementor-col-50 elementor-inner-column elementor-element elementor-element-668882c elementor-invisible\" data-id=\"668882c\" data-element_type=\"column\" data-e-type=\"column\" data-settings=\"{&quot;background_background&quot;:&quot;classic&quot;,&quot;animation&quot;:&quot;fadeInUp&quot;}\">\n\t\t\t<div class=\"elementor-widget-wrap elementor-element-populated\">\n\t\t\t\t\t\t<div class=\"elementor-element elementor-element-36e6536 elementor-invisible elementor-widget elementor-widget-heading\" data-id=\"36e6536\" data-element_type=\"widget\" data-e-type=\"widget\" data-settings=\"{&quot;_animation&quot;:&quot;fadeIn&quot;}\" data-widget_type=\"heading.default\">\n\t\t\t\t<div class=\"elementor-widget-container\">\n\t\t\t\t\t<h3 class=\"elementor-heading-title elementor-size-default\">Asiakasl\u00e4ht\u00f6ist\u00e4 palvelu-ja tuotekehitysty\u00f6t\u00e4\n<\/h3>\t\t\t\t<\/div>\n\t\t\t\t<\/div>\n\t\t\t\t<div class=\"elementor-element elementor-element-147d944 elementor-invisible elementor-widget elementor-widget-text-editor\" data-id=\"147d944\" data-element_type=\"widget\" data-e-type=\"widget\" data-settings=\"{&quot;_animation&quot;:&quot;fadeIn&quot;}\" data-widget_type=\"text-editor.default\">\n\t\t\t\t<div class=\"elementor-widget-container\">\n\t\t\t\t\t\t\t\t\t<div class=\"ewa-rteLine\"><p>AARO:ssa kehitysfilosofiamme keskittyy asiakasl\u00e4ht\u00f6iseen l\u00e4hestymistapaan, jota korostaa intohimomme talous-automaatioon ja \u00e4lykkyyteen sek\u00e4 sopeutumiskykymme asiakkaiden eri tarpeisiin. N\u00e4iden asioiden l\u00e4sn\u00e4olo p\u00e4ivitt\u00e4in on ajan my\u00f6t\u00e4 vakiinnuttanut toimintapapamme ja maineemme toimijana.<\/p><p>Yhteisty\u00f6mme ja yhteiset projektit Pohjoismaiden johtavien yritysten kanssa ovat vahvistaneet CPM-ratkaisumme kyvykkyyksi\u00e4.<\/p><p>T\u00e4m\u00e4 on mahdollistanut sen, ett\u00e4 t\u00e4yt\u00e4mme globaalit vaatimukset CPM\/EPM-ratkaisuna ja konsernitilinp\u00e4\u00e4t\u00f6sten laatimisen osalta. Jatkuva omistautumisemme ty\u00f6lle varmistaa AARO:n johtoaseman monikansallisten p\u00f6rssiyhti\u00f6iden talousratkaisuna, valmiina kohtaamaan IFRS-s\u00e4\u00e4nn\u00f6sten haasteet ja paljon enemm\u00e4n.<\/p><\/div>\t\t\t\t\t\t\t\t<\/div>\n\t\t\t\t<\/div>\n\t\t\t\t\t<\/div>\n\t\t<\/div>\n\t\t\t\t\t<\/div>\n\t\t<\/section>\n\t\t\t\t\t<\/div>\n\t\t<\/div>\n\t\t\t\t\t<\/div>\n\t\t<\/section>\n\t\t\t\t<\/div>\n\t\t","protected":false},"excerpt":{"rendered":"<p>AARO (Meist\u00e4) AARO:n perustamisesta l\u00e4htien tavoitteena on ollut kehitt\u00e4\u00e4 konsolidointia ja talouden raportointia kaikenkokoisille organisaatioille. Yli kolmen vuosikymmenen innovaation ja asiantuntemuksen avulla tarjoamme edistyksellisi\u00e4 Corporate Performance Management -ratkaisua, joka on huippu ty\u00f6kalu taloussuunnitteluun, konsolidointiin, valmis ratkaisu konsernilaskennan tekemiseen sek\u00e4 raportointiin ja pitk\u00e4lle viety laskenta-automaatio yhdess\u00e4 analytiikan kanssa. Virtaviivaistettu talouden konsolidointi ja raportointi, suunnittelu, analytiikka sek\u00e4 [&hellip;]<\/p>\n","protected":false},"author":1,"featured_media":0,"parent":0,"menu_order":0,"comment_status":"closed","ping_status":"closed","template":"elementor_header_footer","meta":{"om_disable_all_campaigns":false,"_monsterinsights_skip_tracking":false,"_monsterinsights_sitenote_active":false,"_monsterinsights_sitenote_note":"","_monsterinsights_sitenote_category":0,"_uf_show_specific_survey":0,"_uf_disable_surveys":false,"footnotes":""},"class_list":["post-17554","page","type-page","status-publish","hentry"],"aioseo_notices":[],"_links":{"self":[{"href":"https:\/\/aaro.com\/fi\/wp-json\/wp\/v2\/pages\/17554","targetHints":{"allow":["GET"]}}],"collection":[{"href":"https:\/\/aaro.com\/fi\/wp-json\/wp\/v2\/pages"}],"about":[{"href":"https:\/\/aaro.com\/fi\/wp-json\/wp\/v2\/types\/page"}],"author":[{"embeddable":true,"href":"https:\/\/aaro.com\/fi\/wp-json\/wp\/v2\/users\/1"}],"replies":[{"embeddable":true,"href":"https:\/\/aaro.com\/fi\/wp-json\/wp\/v2\/comments?post=17554"}],"version-history":[{"count":15,"href":"https:\/\/aaro.com\/fi\/wp-json\/wp\/v2\/pages\/17554\/revisions"}],"predecessor-version":[{"id":24217,"href":"https:\/\/aaro.com\/fi\/wp-json\/wp\/v2\/pages\/17554\/revisions\/24217"}],"wp:attachment":[{"href":"https:\/\/aaro.com\/fi\/wp-json\/wp\/v2\/media?parent=17554"}],"curies":[{"name":"wp","href":"https:\/\/api.w.org\/{rel}","templated":true}]}}